{"id":7724,"date":"2024-07-20T15:56:22","date_gmt":"2024-07-20T14:56:22","guid":{"rendered":"https:\/\/cecileroumiguiere.com\/wp\/?page_id=7724"},"modified":"2024-07-24T13:06:51","modified_gmt":"2024-07-24T12:06:51","slug":"le-tarot-des-sorcieres-et-autres-femmes-puissantes","status":"publish","type":"page","link":"https:\/\/cecileroumiguiere.com\/wp\/?page_id=7724","title":{"rendered":"Le tarot des sorci\u00e8res\u2026 les coulisses"},"content":{"rendered":"\n<p>Un tarot ? Quelle dr\u00f4le d&rsquo;id\u00e9e\u2026 Pas tant que \u00e7a quand on me conna\u00eet un peu\u2026<\/p>\n\n\n\n<div class=\"wp-block-media-text is-stacked-on-mobile\" style=\"grid-template-columns:29% auto\"><figure class=\"wp-block-media-text__media\"><img loading=\"lazy\" decoding=\"async\" width=\"700\" height=\"963\" src=\"https:\/\/cecileroumiguiere.com\/wp\/wp-content\/uploads\/2022\/10\/sorcie\u0300res-couv-une-finalise-700x963.jpg\" alt=\"\" class=\"wp-image-7175 size-full\" srcset=\"https:\/\/cecileroumiguiere.com\/wp\/wp-content\/uploads\/2022\/10\/sorcie\u0300res-couv-une-finalise-700x963.jpg 700w, https:\/\/cecileroumiguiere.com\/wp\/wp-content\/uploads\/2022\/10\/sorcie\u0300res-couv-une-finalise-218x300.jpg 218w, https:\/\/cecileroumiguiere.com\/wp\/wp-content\/uploads\/2022\/10\/sorcie\u0300res-couv-une-finalise-768x1057.jpg 768w, https:\/\/cecileroumiguiere.com\/wp\/wp-content\/uploads\/2022\/10\/sorcie\u0300res-couv-une-finalise.jpg 811w\" sizes=\"auto, (max-width: 700px) 100vw, 700px\" \/><\/figure><div class=\"wp-block-media-text__content\">\n<p>D&rsquo;abord, je d\u00e9teste abandonner mes personnages. j&rsquo;aime les confier aux lectrices, aux lecteurs, mais ils et elles ne me quittent jamais vraiment tout \u00e0 fait. Et quand ce sont des personnages qui me hantent depuis l&rsquo;enfance, l&rsquo;abandon est im-po-ssi-ble ! Apr\u00e8s avoir \u00e9crit le mot \u00ab\u00a0fin\u00a0\u00bb sur <a href=\"https:\/\/cecileroumiguiere.com\/wp\/?page_id=7166\"><em>Les Sorci\u00e8res<\/em><\/a> de l&rsquo;Encyclop\u00e9die du Merveilleux avec <a href=\"http:\/\/www.benjaminlacombe.com\/\">Benjamin Lacombe<\/a> chez Albin Michel, je n&rsquo;ai eu qu&rsquo;une id\u00e9e en t\u00eate : continuer \u00e0 les faire vivre. Les images de Benjamin \u00e9taient l\u00e0, puissantes, elles ne demandaient qu&rsquo;\u00e0 exister au-del\u00e0 du livre, autrement.<\/p>\n<\/div><\/div>\n\n\n\n<p>Ce projet s&rsquo;ancre aussi dans mon amour des cartes. Depuis toujours, j&rsquo;aime les cartes, toutes sortes de cartes : \u00e0 jouer, \u00e0 deviner, au tr\u00e9sor, \u00e0 tracer du bout des doigts en suivant des routes\u2026 Apr\u00e8s avoir r\u00e9alis\u00e9 <a href=\"https:\/\/cecileroumiguiere.com\/wp\/?page_id=6951\"><em>Cric Crac, sors l&rsquo;histoire de sa bo\u00eete !<\/em> <\/a>avec Carole Chaix, la CAF de Seine-saint-Denis et le SLPJ, j&rsquo;avais envie de continuer \u00e0 creuser cette voie. Une carte, un jeu de cartes, c&rsquo;est des images et toute une histoire \u00e0 filer, des histoires crois\u00e9es, des arborescences infinies. Une sorte de paysage fa\u00e7on Mandelbrot et ses fractales, une ligne de falaises en bord de mer qui change au fur et \u00e0 mesure qu&rsquo;on s&rsquo;en approche. Une mine d&rsquo;or pour l&rsquo;imagination.<\/p>\n\n\n\n<p>Dans les nombreuses rencontres dont ce m\u00e9tier est si riche, il y a eu cette discussion avec \u00ab\u00a0A.\u00a0\u00bb, artiste, cr\u00e9ative, jeune, parfois pleine de col\u00e8re et d\u00e9bordante de tendresse tout \u00e0 la fois, au c\u0153ur des interrogations de genre, de vie ensemble, de futur \u00e0 construire. Et, quand je lui demande ce que lui apportent les th\u00e8mes astraux, ces mots : <\/p>\n\n\n\n<blockquote class=\"wp-block-quote is-layout-flow wp-block-quote-is-layout-flow\">\n<p>Je suis ath\u00e9\u00b7e, atypique dans un monde hyper norm\u00e9, quand je me sens seul\u00b7e, il me faut quelque chose \u00e0 quoi m&rsquo;accrocher, une main tendue\u2026<\/p>\n<\/blockquote>\n\n\n\n<p><em>Une main tendue<\/em>\u2026 J&rsquo;ai repens\u00e9 \u00e0 mes quinze ans, mes vingt ans, \u00e0 ces moments intense de solitude, ces interrogations qui d\u00e9vorent, et aux personnes qui m&rsquo;ont \u00ab\u00a0tendu la main\u00a0\u00bb avec ce qu&rsquo;elles savaient \u00eatre, des cartomanciennes sensibles, sur le fil de l&rsquo;\u00e9sot\u00e9risme et celui de la psychanalyse. Je savais comment retrouver nos sorci\u00e8res, leur place \u00e9tait l\u00e0, au c\u0153ur d&rsquo;un jeu de tarot.<\/p>\n\n\n\n<figure class=\"wp-block-gallery has-nested-images columns-default is-cropped wp-block-gallery-1 is-layout-flex wp-block-gallery-is-layout-flex\">\n<figure class=\"wp-block-image size-large\"><img loading=\"lazy\" decoding=\"async\" width=\"700\" height=\"269\" data-id=\"7717\" src=\"https:\/\/cecileroumiguiere.com\/wp\/wp-content\/uploads\/2024\/07\/cropped-tarots-cartes-vrac-700x269.jpg\" alt=\"\" class=\"wp-image-7717\" srcset=\"https:\/\/cecileroumiguiere.com\/wp\/wp-content\/uploads\/2024\/07\/cropped-tarots-cartes-vrac-700x269.jpg 700w, https:\/\/cecileroumiguiere.com\/wp\/wp-content\/uploads\/2024\/07\/cropped-tarots-cartes-vrac-300x115.jpg 300w, https:\/\/cecileroumiguiere.com\/wp\/wp-content\/uploads\/2024\/07\/cropped-tarots-cartes-vrac-768x295.jpg 768w, https:\/\/cecileroumiguiere.com\/wp\/wp-content\/uploads\/2024\/07\/cropped-tarots-cartes-vrac-1140x439.jpg 1140w, https:\/\/cecileroumiguiere.com\/wp\/wp-content\/uploads\/2024\/07\/cropped-tarots-cartes-vrac.jpg 1323w\" sizes=\"auto, (max-width: 700px) 100vw, 700px\" \/><figcaption class=\"wp-element-caption\">Tarot de Marseille<\/figcaption><\/figure>\n\n\n\n<figure class=\"wp-block-image size-large\"><img loading=\"lazy\" decoding=\"async\" width=\"700\" height=\"387\" data-id=\"7721\" src=\"https:\/\/cecileroumiguiere.com\/wp\/wp-content\/uploads\/2024\/07\/tarots-waise-700x387.jpg\" alt=\"\" class=\"wp-image-7721\" srcset=\"https:\/\/cecileroumiguiere.com\/wp\/wp-content\/uploads\/2024\/07\/tarots-waise-700x387.jpg 700w, https:\/\/cecileroumiguiere.com\/wp\/wp-content\/uploads\/2024\/07\/tarots-waise-300x166.jpg 300w, https:\/\/cecileroumiguiere.com\/wp\/wp-content\/uploads\/2024\/07\/tarots-waise-768x425.jpg 768w, https:\/\/cecileroumiguiere.com\/wp\/wp-content\/uploads\/2024\/07\/tarots-waise-1140x631.jpg 1140w, https:\/\/cecileroumiguiere.com\/wp\/wp-content\/uploads\/2024\/07\/tarots-waise.jpg 1417w\" sizes=\"auto, (max-width: 700px) 100vw, 700px\" \/><figcaption class=\"wp-element-caption\">Tarot de A.E. Waite<\/figcaption><\/figure>\n\n\n\n<figure class=\"wp-block-image size-large\"><img loading=\"lazy\" decoding=\"async\" width=\"700\" height=\"525\" data-id=\"7720\" src=\"https:\/\/cecileroumiguiere.com\/wp\/wp-content\/uploads\/2024\/07\/cartes-vrac-700x525.jpeg\" alt=\"\" class=\"wp-image-7720\" srcset=\"https:\/\/cecileroumiguiere.com\/wp\/wp-content\/uploads\/2024\/07\/cartes-vrac-700x525.jpeg 700w, https:\/\/cecileroumiguiere.com\/wp\/wp-content\/uploads\/2024\/07\/cartes-vrac-300x225.jpeg 300w, https:\/\/cecileroumiguiere.com\/wp\/wp-content\/uploads\/2024\/07\/cartes-vrac-768x576.jpeg 768w, https:\/\/cecileroumiguiere.com\/wp\/wp-content\/uploads\/2024\/07\/cartes-vrac-1536x1152.jpeg 1536w, https:\/\/cecileroumiguiere.com\/wp\/wp-content\/uploads\/2024\/07\/cartes-vrac-2048x1536.jpeg 2048w, https:\/\/cecileroumiguiere.com\/wp\/wp-content\/uploads\/2024\/07\/cartes-vrac-1140x855.jpeg 1140w\" sizes=\"auto, (max-width: 700px) 100vw, 700px\" \/><\/figure>\n<\/figure>\n\n\n\n<p>\u00c9crire un tarot divinatoire comme une main tendue\u2026 Une fois l&rsquo;id\u00e9e claire dans ma t\u00eate, je l&rsquo;ai propos\u00e9e \u00e0 Benjamin, qui l&rsquo;a accept\u00e9e aussit\u00f4t, et enrichie de ses propres attentes et de tout son savoir faire. Et l&rsquo;aventure a commenc\u00e9\u2026 \u00c0 son tour, Albin Michel a dit oui et a commenc\u00e9 \u00e0 chercher comment le r\u00e9aliser. <a href=\"https:\/\/cecileroumiguiere.com\/wp\/?page_id=7738\">Pour voir le projet finalis\u00e9, suivez ce lien<\/a>\u2026<\/p>\n\n\n\n<div class=\"wp-block-media-text is-stacked-on-mobile is-vertically-aligned-center\" style=\"grid-template-columns:32% auto\"><figure class=\"wp-block-media-text__media\"><img loading=\"lazy\" decoding=\"async\" width=\"700\" height=\"525\" src=\"https:\/\/cecileroumiguiere.com\/wp\/wp-content\/uploads\/2024\/07\/carnets-tarots-700x525.jpg\" alt=\"\" class=\"wp-image-7719 size-full\" srcset=\"https:\/\/cecileroumiguiere.com\/wp\/wp-content\/uploads\/2024\/07\/carnets-tarots-700x525.jpg 700w, https:\/\/cecileroumiguiere.com\/wp\/wp-content\/uploads\/2024\/07\/carnets-tarots-300x225.jpg 300w, https:\/\/cecileroumiguiere.com\/wp\/wp-content\/uploads\/2024\/07\/carnets-tarots-768x576.jpg 768w, https:\/\/cecileroumiguiere.com\/wp\/wp-content\/uploads\/2024\/07\/carnets-tarots-1140x855.jpg 1140w, https:\/\/cecileroumiguiere.com\/wp\/wp-content\/uploads\/2024\/07\/carnets-tarots.jpg 1417w\" sizes=\"auto, (max-width: 700px) 100vw, 700px\" \/><\/figure><div class=\"wp-block-media-text__content\">\n<p>De mon c\u00f4t\u00e9, restait \u00e0\u2026 penser \u00e9crire, r\u00e9fl\u00e9chir, tourner, retourner les mots, les images, me noyer dans le tarot ou plut\u00f4t les tarots, il y en a tant&nbsp;! M&rsquo;inspirer bien s\u00fbr des tarots \u00ab\u00a0classiques\u00a0\u00bb, celui de Marseille et celui de Waite, lire et relire Jodorowsky, Jung, r\u00eaver sur le tarot de Niki de Saint Phalle\u2026&nbsp;et pour \u00eatre s\u00fbre que cette <em>main tendue<\/em> ne soit pas sujette \u00e0 une lecture malsaine ou mal comprise, lire et relire le projet avec mon amie St\u00e9phanie P., p\u00e9dopsychiatre et psychanalyste. <\/p>\n<\/div><\/div>\n\n\n\n<div class=\"wp-block-media-text has-media-on-the-right is-stacked-on-mobile\" style=\"grid-template-columns:auto 26%\"><div class=\"wp-block-media-text__content\">\n<p>Parce que si un tarot est avant tout un jeu d&rsquo;images, il est sous-tendu par le livret de lecture, un livret qui se doit d&rsquo;\u00eatre \u00e0 la hauteur et des intentions et des visuels.<\/p>\n\n\n\n<p>Des mois de travail\u2026 Le temps d&rsquo;\u00e9crire un roman. Car ce jeu de cartes est aussi une histoire \u00e0 narrer. Carte \u00e0 carte, il raconte des milliers d&rsquo;histoires, il parle de soi, des autres, de nos rapports au monde. Il est riche de ce que l&rsquo;on y cherche, de ce que l&rsquo;on y met.<\/p>\n<\/div><figure class=\"wp-block-media-text__media\"><a href=\"https:\/\/cecileroumiguiere.com\/wp\/?page_id=7738\"><img loading=\"lazy\" decoding=\"async\" width=\"372\" height=\"526\" src=\"https:\/\/cecileroumiguiere.com\/wp\/wp-content\/uploads\/2024\/07\/tarot-boite.jpg\" alt=\"\" class=\"wp-image-7725 size-full\" srcset=\"https:\/\/cecileroumiguiere.com\/wp\/wp-content\/uploads\/2024\/07\/tarot-boite.jpg 372w, https:\/\/cecileroumiguiere.com\/wp\/wp-content\/uploads\/2024\/07\/tarot-boite-212x300.jpg 212w\" sizes=\"auto, (max-width: 372px) 100vw, 372px\" \/><\/a><\/figure><\/div>\n\n\n\n<p>Le travail d&rsquo;orf\u00e8vre de Benjamin Lacombe donne \u00e0 ce coffret une force quasi magn\u00e9tique\u2026 Plus bel objet, difficile d&rsquo;en r\u00eaver\u2026 <\/p>\n\n\n\n<p>\u00c0 vous de vous en emparer\u2026 Il sera en librairie le 23 octobre.<\/p>\n\n\n\n<p>&nbsp;<\/p>\n","protected":false},"excerpt":{"rendered":"<p>Un tarot ? Quelle dr\u00f4le d&rsquo;id\u00e9e\u2026 Pas tant que \u00e7a quand on me conna\u00eet un peu\u2026 D&rsquo;abord, je d\u00e9teste abandonner mes personnages. j&rsquo;aime les confier aux lectrices, aux lecteurs, mais ils et elles ne me quittent jamais vraiment tout \u00e0 fait. Et quand ce sont des personnages qui me hantent depuis l&rsquo;enfance, l&rsquo;abandon est im-po-ssi-ble ! Apr\u00e8s avoir \u00e9crit le mot \u00ab\u00a0fin\u00a0\u00bb sur Les Sorci\u00e8res de l&rsquo;Encyclop\u00e9die du Merveilleux avec Benjamin Lacombe chez Albin Michel, je n&rsquo;ai eu qu&rsquo;une id\u00e9e en t\u00eate : continuer \u00e0 les faire vivre. Les images de Benjamin \u00e9taient l\u00e0, puissantes, elles ne demandaient qu&rsquo;\u00e0 exister au-del\u00e0 du livre, autrement. Ce projet s&rsquo;ancre aussi dans mon amour des cartes. Depuis toujours, j&rsquo;aime les cartes, toutes sortes de cartes : \u00e0 jouer, \u00e0 deviner, au tr\u00e9sor, \u00e0 tracer du bout des doigts en suivant des routes\u2026 Apr\u00e8s avoir r\u00e9alis\u00e9 Cric Crac, sors l&rsquo;histoire de sa bo\u00eete ! avec Carole Chaix, la CAF de Seine-saint-Denis et le SLPJ, j&rsquo;avais envie de continuer \u00e0 creuser cette voie. Une carte, un jeu de cartes, c&rsquo;est des images et toute une histoire \u00e0 filer, des histoires crois\u00e9es, des arborescences infinies. Une sorte de paysage fa\u00e7on Mandelbrot et ses fractales, une ligne de falaises en bord de mer qui change au fur et \u00e0 mesure qu&rsquo;on s&rsquo;en approche. Une mine d&rsquo;or pour l&rsquo;imagination. Dans les nombreuses rencontres dont ce m\u00e9tier est si riche, il y a eu cette discussion avec \u00ab\u00a0A.\u00a0\u00bb, artiste, cr\u00e9ative, jeune, parfois pleine de col\u00e8re et d\u00e9bordante de tendresse tout \u00e0 la fois, au c\u0153ur des interrogations de genre, de vie ensemble, de futur \u00e0 construire. Et, quand je lui demande ce que lui apportent les th\u00e8mes astraux, ces mots : Je suis ath\u00e9\u00b7e, atypique dans un monde hyper norm\u00e9, quand je me sens seul\u00b7e, il me faut quelque chose \u00e0 quoi m&rsquo;accrocher, une main tendue\u2026 Une main tendue\u2026 J&rsquo;ai repens\u00e9 \u00e0 mes quinze ans, mes vingt ans, \u00e0 ces moments intense de solitude, ces interrogations qui d\u00e9vorent, et aux personnes qui m&rsquo;ont \u00ab\u00a0tendu la main\u00a0\u00bb avec ce qu&rsquo;elles savaient \u00eatre, des cartomanciennes sensibles, sur le fil de l&rsquo;\u00e9sot\u00e9risme et celui de la psychanalyse. Je savais comment retrouver nos sorci\u00e8res, leur place \u00e9tait l\u00e0, au c\u0153ur d&rsquo;un jeu de tarot. \u00c9crire un tarot divinatoire comme une main tendue\u2026 Une fois l&rsquo;id\u00e9e claire dans ma t\u00eate, je l&rsquo;ai propos\u00e9e \u00e0 Benjamin, qui l&rsquo;a accept\u00e9e aussit\u00f4t, et enrichie de ses propres attentes et de tout son savoir faire. Et l&rsquo;aventure a commenc\u00e9\u2026 \u00c0 son tour, Albin Michel a dit oui et a commenc\u00e9 \u00e0 chercher comment le r\u00e9aliser. Pour voir le projet finalis\u00e9, suivez ce lien\u2026 De mon c\u00f4t\u00e9, restait \u00e0\u2026 penser \u00e9crire, r\u00e9fl\u00e9chir, tourner, retourner les mots, les images, me noyer dans le tarot ou plut\u00f4t les tarots, il y en a tant&nbsp;! M&rsquo;inspirer bien s\u00fbr des tarots \u00ab\u00a0classiques\u00a0\u00bb, celui de Marseille et celui de Waite, lire et relire Jodorowsky, Jung, r\u00eaver sur le tarot de Niki de Saint Phalle\u2026&nbsp;et pour \u00eatre s\u00fbre que cette main tendue ne soit pas sujette \u00e0 une lecture malsaine ou mal comprise, lire et relire le projet avec mon amie St\u00e9phanie P., p\u00e9dopsychiatre et psychanalyste. Parce que si un tarot est avant tout un jeu d&rsquo;images, il est sous-tendu par le livret de lecture, un livret qui se doit d&rsquo;\u00eatre \u00e0 la hauteur et des intentions et des visuels. Des mois de travail\u2026 Le temps d&rsquo;\u00e9crire un roman. Car ce jeu de cartes est aussi une histoire \u00e0 narrer. Carte \u00e0 carte, il raconte des milliers d&rsquo;histoires, il parle de soi, des autres, de nos rapports au monde. Il est riche de ce que l&rsquo;on y cherche, de ce que l&rsquo;on y met. Le travail d&rsquo;orf\u00e8vre de Benjamin Lacombe donne \u00e0 ce coffret une force quasi magn\u00e9tique\u2026 Plus bel objet, difficile d&rsquo;en r\u00eaver\u2026 \u00c0 vous de vous en emparer\u2026 Il sera en librairie le 23 octobre. &nbsp;<\/p>\n","protected":false},"author":1,"featured_media":0,"parent":0,"menu_order":0,"comment_status":"closed","ping_status":"closed","template":"","meta":{"footnotes":""},"class_list":["post-7724","page","type-page","status-publish","hentry"],"_links":{"self":[{"href":"https:\/\/cecileroumiguiere.com\/wp\/index.php?rest_route=\/wp\/v2\/pages\/7724","targetHints":{"allow":["GET"]}}],"collection":[{"href":"https:\/\/cecileroumiguiere.com\/wp\/index.php?rest_route=\/wp\/v2\/pages"}],"about":[{"href":"https:\/\/cecileroumiguiere.com\/wp\/index.php?rest_route=\/wp\/v2\/types\/page"}],"author":[{"embeddable":true,"href":"https:\/\/cecileroumiguiere.com\/wp\/index.php?rest_route=\/wp\/v2\/users\/1"}],"replies":[{"embeddable":true,"href":"https:\/\/cecileroumiguiere.com\/wp\/index.php?rest_route=%2Fwp%2Fv2%2Fcomments&post=7724"}],"version-history":[{"count":12,"href":"https:\/\/cecileroumiguiere.com\/wp\/index.php?rest_route=\/wp\/v2\/pages\/7724\/revisions"}],"predecessor-version":[{"id":7800,"href":"https:\/\/cecileroumiguiere.com\/wp\/index.php?rest_route=\/wp\/v2\/pages\/7724\/revisions\/7800"}],"wp:attachment":[{"href":"https:\/\/cecileroumiguiere.com\/wp\/index.php?rest_route=%2Fwp%2Fv2%2Fmedia&parent=7724"}],"curies":[{"name":"wp","href":"https:\/\/api.w.org\/{rel}","templated":true}]}}