{"id":7738,"date":"2024-07-22T14:29:04","date_gmt":"2024-07-22T13:29:04","guid":{"rendered":"https:\/\/cecileroumiguiere.com\/wp\/?page_id=7738"},"modified":"2024-07-24T13:19:58","modified_gmt":"2024-07-24T12:19:58","slug":"le-tarot-des-sorcieres-et-autres-femmes-puissantes-2","status":"publish","type":"page","link":"https:\/\/cecileroumiguiere.com\/wp\/?page_id=7738","title":{"rendered":"Le tarot des sorci\u00e8res et autres femmes puissantes"},"content":{"rendered":"\n<p class=\"has-text-align-right\"><em>Un jeu divinatoire cr\u00e9\u00e9 en \u00e9cho au livre \u00ab\u00a0<a href=\"https:\/\/cecileroumiguiere.com\/wp\/?page_id=7166\" data-type=\"page\" data-id=\"7166\">Les sorci\u00e8res<\/a>\u00ab\u00a0, de&nbsp;<a href=\"https:\/\/www.instagram.com\/p\/CjFU_GTjpWt\/\">l\u2018encyclop\u00e9die du Merveilleux<\/a>,<\/em><br><em>des illustrations sign\u00e9es&nbsp;<a href=\"http:\/\/www.benjaminlacombe.com\/\">Benjamin Lacombe<\/a>,&nbsp;<a href=\"https:\/\/www.albin-michel.fr\/jeunesse\">Albin Michel<\/a>, 23 octobre 2024<\/em><\/p>\n\n\n\n<blockquote class=\"wp-block-quote is-layout-flow wp-block-quote-is-layout-flow\">\n<p><br><em>Pourquoi cr\u00e9er un jeu de tarot aujourd\u2019hui ? L\u2019id\u00e9e est venue \u00e0 la parution des Sorci\u00e8res, un livre que j\u2019ai \u00e9crit, que Benjamin Lacombe a initi\u00e9, suivi et illustr\u00e9. Ces sorci\u00e8res, femmes puissantes et rebelles, m\u2019ont toujours fascin\u00e9e. Leur lien \u00e0 la Terre, essentiel en ces temps troubles, et leur connaissance de la nature humaine nous sont plus que jamais n\u00e9cessaires. Et si, \u00e0 travers ces cartes, elles nous soufflaient \u00e0 l\u2019oreille quelques mots, des pens\u00e9es&nbsp;? Si, par ce jeu, elles nous entrouvraient un champ d\u2019intuitions&nbsp;? Si elles semaient quelques galets pour esquisser les chemins, tout en nous laissant libre de d\u00e9cider celui \u00e0 emprunter\u2026 Face aux chaos des profonds changements qui secouent nos soci\u00e9t\u00e9s, la n\u00e9cessit\u00e9 de ces voix qui murmurent et apaisent nous a sembl\u00e9 une \u00e9vidence. Sans parler du plaisir \u00e0 retrouver ces femmes, toutes issues de notre livre <\/em>Les Sorci\u00e8res<em> ou d\u2019autres albums de Benjamin. Retrouver nos s\u0153urs, nos amies sorci\u00e8res. C\u2019est en toute sororit\u00e9 et en leur rendant hommage que j\u2019\u00e9cris ce livret en te tutoyant et au f\u00e9minin, comme il se doit.<\/em><\/p>\n<\/blockquote>\n\n\n\n<h2 class=\"wp-block-heading\">Un coffret exceptionnel<\/h2>\n\n\n\n<div class=\"wp-block-media-text is-stacked-on-mobile\" style=\"grid-template-columns:27% auto\"><figure class=\"wp-block-media-text__media\"><img loading=\"lazy\" decoding=\"async\" width=\"513\" height=\"851\" src=\"https:\/\/cecileroumiguiere.com\/wp\/wp-content\/uploads\/2024\/07\/tarot-livret-image.jpg\" alt=\"\" class=\"wp-image-7751 size-full\" srcset=\"https:\/\/cecileroumiguiere.com\/wp\/wp-content\/uploads\/2024\/07\/tarot-livret-image.jpg 513w, https:\/\/cecileroumiguiere.com\/wp\/wp-content\/uploads\/2024\/07\/tarot-livret-image-181x300.jpg 181w\" sizes=\"auto, (max-width: 513px) 100vw, 513px\" \/><\/figure><div class=\"wp-block-media-text__content\">\n<p>Un jeu de 78 cartes : 22 arcanes majeurs autour de portraits de sorci\u00e8res et autres femmes puissantes ou d\u2019\u00e9l\u00e9ments de leur quotidien, magnifiquement mis en relief par les ornements de Benjamin Lacombe, et des arcanes mineurs revisit\u00e9s en calices, balais, baguettes et lunes, avec des familiers en guise de figures, sans hi\u00e9rarchie entre elles, l\u2019araign\u00e9e, le corbeau, le chat et le serpent pour la reine, le valet, le cavalier et le roi. <br>\u2022&nbsp;Un livret de 96 pages qui revisite le tarot sur le fil des interrogations de ce XXI<sup>e<\/sup> si\u00e8cle.<\/p>\n<\/div><\/div>\n\n\n\n<p>Le tout magistralement illustr\u00e9, mis en sc\u00e8ne et en coffret par Benjamin Lacombe.<\/p>\n\n\n\n<p>Un projet bichonn\u00e9 par l&rsquo;\u00e9quipe d&rsquo;Albin Michel\u00a0: Marion Jablonski, \u00c9lise Lacharme, Fleur P\u00e9dezert, Fr\u00e9d\u00e9rique Deviller et tant d&rsquo;autres, correctrices, maquettistes, repr\u00e9sentant\u00b7es\u2026\u00a0avec une pens\u00e9e toute particuli\u00e8re pour Lucette Savier, qui a partag\u00e9 et suivi de pr\u00e8s mes doutes, mes enthousiasmes et mes interrogations.\u00a0Merci\u2026<\/p>\n\n\n\n<figure class=\"wp-block-gallery has-nested-images columns-default is-cropped wp-block-gallery-1 is-layout-flex wp-block-gallery-is-layout-flex\">\n<figure class=\"wp-block-image size-large\"><img loading=\"lazy\" decoding=\"async\" width=\"637\" height=\"419\" data-id=\"7747\" src=\"https:\/\/cecileroumiguiere.com\/wp\/wp-content\/uploads\/2024\/07\/Tarot-boiteetlivret-1.jpg\" alt=\"\" class=\"wp-image-7747\" srcset=\"https:\/\/cecileroumiguiere.com\/wp\/wp-content\/uploads\/2024\/07\/Tarot-boiteetlivret-1.jpg 637w, https:\/\/cecileroumiguiere.com\/wp\/wp-content\/uploads\/2024\/07\/Tarot-boiteetlivret-1-300x197.jpg 300w, https:\/\/cecileroumiguiere.com\/wp\/wp-content\/uploads\/2024\/07\/Tarot-boiteetlivret-1-500x330.jpg 500w\" sizes=\"auto, (max-width: 637px) 100vw, 637px\" \/><\/figure>\n\n\n\n<figure class=\"wp-block-image size-large\"><img loading=\"lazy\" decoding=\"async\" width=\"435\" height=\"281\" data-id=\"7748\" src=\"https:\/\/cecileroumiguiere.com\/wp\/wp-content\/uploads\/2024\/07\/cartes-tarot-eventail.jpg\" alt=\"\" class=\"wp-image-7748\" srcset=\"https:\/\/cecileroumiguiere.com\/wp\/wp-content\/uploads\/2024\/07\/cartes-tarot-eventail.jpg 435w, https:\/\/cecileroumiguiere.com\/wp\/wp-content\/uploads\/2024\/07\/cartes-tarot-eventail-300x194.jpg 300w\" sizes=\"auto, (max-width: 435px) 100vw, 435px\" \/><\/figure>\n<\/figure>\n\n\n\n<h2 class=\"wp-block-heading\">Composition du jeu \u00b7 78 lames<\/h2>\n\n\n\n<h3 class=\"wp-block-heading\"><strong>22 arcanes majeurs (ou \u201ctriomphes\u201d)<\/strong><\/h3>\n\n\n\n<p>dont 1 non num\u00e9rot\u00e9 = le Fou (le Mat), <strong>Elfaba<\/strong><\/p>\n\n\n\n<h3 class=\"wp-block-heading\"><strong>40 arcanes mineurs<\/strong><\/h3>\n\n\n\n<p>les <strong>Balais <\/strong>\/ <strong><em>Scop\u00e6<\/em><\/strong>(pour les b\u00e2tons) \/ num\u00e9rot\u00e9s de I \u00e0 X<br>les <strong>Baguettes <\/strong>\/ <strong><em>Virgae<\/em><\/strong>(pour les \u00e9p\u00e9es) \/ num\u00e9rot\u00e9s de I \u00e0 X<br>les <strong>Coupes<\/strong> \/ <strong><em>Calices<\/em><\/strong> \/&nbsp; num\u00e9rot\u00e9s de I \u00e0 X<br>les <strong>Lunes <\/strong>\/ <strong><em>Lunae<\/em><\/strong> (pour les deniers) \/ sans num\u00e9ros<\/p>\n\n\n\n<h3 class=\"wp-block-heading\"><strong>16 figures&nbsp; (ou honneurs)<\/strong><\/h3>\n\n\n\n<p>les <strong>Corbeaux <\/strong>\/<strong><em>Corvi<\/em><\/strong> (pour les valets)<br>les <strong>Araign\u00e9es <\/strong>\/<strong><em>Araneae<\/em><\/strong> (pour les reynes)<br>les <strong>Serpents <\/strong>\/ <strong><em>Serpentes<\/em><\/strong> (pour les roys)<br>les <strong>Chats<\/strong> \/ <strong><em>Cati<\/em> <\/strong>(pour les cavaliers)<\/p>\n\n\n<div class=\"wp-block-image\">\n<figure class=\"aligncenter size-large is-resized\"><img loading=\"lazy\" decoding=\"async\" width=\"700\" height=\"447\" src=\"https:\/\/cecileroumiguiere.com\/wp\/wp-content\/uploads\/2024\/07\/TAROT_COFFRET_OuterBox_v3-700x447.jpg\" alt=\"\" class=\"wp-image-7740\" style=\"width:700px;height:auto\" srcset=\"https:\/\/cecileroumiguiere.com\/wp\/wp-content\/uploads\/2024\/07\/TAROT_COFFRET_OuterBox_v3-700x447.jpg 700w, https:\/\/cecileroumiguiere.com\/wp\/wp-content\/uploads\/2024\/07\/TAROT_COFFRET_OuterBox_v3-300x192.jpg 300w, https:\/\/cecileroumiguiere.com\/wp\/wp-content\/uploads\/2024\/07\/TAROT_COFFRET_OuterBox_v3-768x490.jpg 768w, https:\/\/cecileroumiguiere.com\/wp\/wp-content\/uploads\/2024\/07\/TAROT_COFFRET_OuterBox_v3-1140x728.jpg 1140w, https:\/\/cecileroumiguiere.com\/wp\/wp-content\/uploads\/2024\/07\/TAROT_COFFRET_OuterBox_v3.jpg 1184w\" sizes=\"auto, (max-width: 700px) 100vw, 700px\" \/><\/figure>\n<\/div>\n\n\n<p><\/p>\n\n\n\n<p><\/p>\n","protected":false},"excerpt":{"rendered":"<p>Un jeu divinatoire cr\u00e9\u00e9 en \u00e9cho au livre \u00ab\u00a0Les sorci\u00e8res\u00ab\u00a0, de&nbsp;l\u2018encyclop\u00e9die du Merveilleux,des illustrations sign\u00e9es&nbsp;Benjamin Lacombe,&nbsp;Albin Michel, 23 octobre 2024 Pourquoi cr\u00e9er un jeu de tarot aujourd\u2019hui ? L\u2019id\u00e9e est venue \u00e0 la parution des Sorci\u00e8res, un livre que j\u2019ai \u00e9crit, que Benjamin Lacombe a initi\u00e9, suivi et illustr\u00e9. Ces sorci\u00e8res, femmes puissantes et rebelles, m\u2019ont toujours fascin\u00e9e. Leur lien \u00e0 la Terre, essentiel en ces temps troubles, et leur connaissance de la nature humaine nous sont plus que jamais n\u00e9cessaires. Et si, \u00e0 travers ces cartes, elles nous soufflaient \u00e0 l\u2019oreille quelques mots, des pens\u00e9es&nbsp;? Si, par ce jeu, elles nous entrouvraient un champ d\u2019intuitions&nbsp;? Si elles semaient quelques galets pour esquisser les chemins, tout en nous laissant libre de d\u00e9cider celui \u00e0 emprunter\u2026 Face aux chaos des profonds changements qui secouent nos soci\u00e9t\u00e9s, la n\u00e9cessit\u00e9 de ces voix qui murmurent et apaisent nous a sembl\u00e9 une \u00e9vidence. Sans parler du plaisir \u00e0 retrouver ces femmes, toutes issues de notre livre Les Sorci\u00e8res ou d\u2019autres albums de Benjamin. Retrouver nos s\u0153urs, nos amies sorci\u00e8res. C\u2019est en toute sororit\u00e9 et en leur rendant hommage que j\u2019\u00e9cris ce livret en te tutoyant et au f\u00e9minin, comme il se doit. Un coffret exceptionnel Un jeu de 78 cartes : 22 arcanes majeurs autour de portraits de sorci\u00e8res et autres femmes puissantes ou d\u2019\u00e9l\u00e9ments de leur quotidien, magnifiquement mis en relief par les ornements de Benjamin Lacombe, et des arcanes mineurs revisit\u00e9s en calices, balais, baguettes et lunes, avec des familiers en guise de figures, sans hi\u00e9rarchie entre elles, l\u2019araign\u00e9e, le corbeau, le chat et le serpent pour la reine, le valet, le cavalier et le roi. \u2022&nbsp;Un livret de 96 pages qui revisite le tarot sur le fil des interrogations de ce XXIe si\u00e8cle. Le tout magistralement illustr\u00e9, mis en sc\u00e8ne et en coffret par Benjamin Lacombe. Un projet bichonn\u00e9 par l&rsquo;\u00e9quipe d&rsquo;Albin Michel\u00a0: Marion Jablonski, \u00c9lise Lacharme, Fleur P\u00e9dezert, Fr\u00e9d\u00e9rique Deviller et tant d&rsquo;autres, correctrices, maquettistes, repr\u00e9sentant\u00b7es\u2026\u00a0avec une pens\u00e9e toute particuli\u00e8re pour Lucette Savier, qui a partag\u00e9 et suivi de pr\u00e8s mes doutes, mes enthousiasmes et mes interrogations.\u00a0Merci\u2026 Composition du jeu \u00b7 78 lames 22 arcanes majeurs (ou \u201ctriomphes\u201d) dont 1 non num\u00e9rot\u00e9 = le Fou (le Mat), Elfaba 40 arcanes mineurs les Balais \/ Scop\u00e6(pour les b\u00e2tons) \/ num\u00e9rot\u00e9s de I \u00e0 Xles Baguettes \/ Virgae(pour les \u00e9p\u00e9es) \/ num\u00e9rot\u00e9s de I \u00e0 Xles Coupes \/ Calices \/&nbsp; num\u00e9rot\u00e9s de I \u00e0 Xles Lunes \/ Lunae (pour les deniers) \/ sans num\u00e9ros 16 figures&nbsp; (ou honneurs) les Corbeaux \/Corvi (pour les valets)les Araign\u00e9es \/Araneae (pour les reynes)les Serpents \/ Serpentes (pour les roys)les Chats \/ Cati (pour les cavaliers)<\/p>\n","protected":false},"author":1,"featured_media":0,"parent":0,"menu_order":0,"comment_status":"closed","ping_status":"closed","template":"","meta":{"footnotes":""},"class_list":["post-7738","page","type-page","status-publish","hentry"],"_links":{"self":[{"href":"https:\/\/cecileroumiguiere.com\/wp\/index.php?rest_route=\/wp\/v2\/pages\/7738","targetHints":{"allow":["GET"]}}],"collection":[{"href":"https:\/\/cecileroumiguiere.com\/wp\/index.php?rest_route=\/wp\/v2\/pages"}],"about":[{"href":"https:\/\/cecileroumiguiere.com\/wp\/index.php?rest_route=\/wp\/v2\/types\/page"}],"author":[{"embeddable":true,"href":"https:\/\/cecileroumiguiere.com\/wp\/index.php?rest_route=\/wp\/v2\/users\/1"}],"replies":[{"embeddable":true,"href":"https:\/\/cecileroumiguiere.com\/wp\/index.php?rest_route=%2Fwp%2Fv2%2Fcomments&post=7738"}],"version-history":[{"count":8,"href":"https:\/\/cecileroumiguiere.com\/wp\/index.php?rest_route=\/wp\/v2\/pages\/7738\/revisions"}],"predecessor-version":[{"id":7803,"href":"https:\/\/cecileroumiguiere.com\/wp\/index.php?rest_route=\/wp\/v2\/pages\/7738\/revisions\/7803"}],"wp:attachment":[{"href":"https:\/\/cecileroumiguiere.com\/wp\/index.php?rest_route=%2Fwp%2Fv2%2Fmedia&parent=7738"}],"curies":[{"name":"wp","href":"https:\/\/api.w.org\/{rel}","templated":true}]}}