{"id":7756,"date":"2024-07-22T15:00:10","date_gmt":"2024-07-22T14:00:10","guid":{"rendered":"https:\/\/cecileroumiguiere.com\/wp\/?page_id=7756"},"modified":"2024-07-22T15:02:29","modified_gmt":"2024-07-22T14:02:29","slug":"des-cartes","status":"publish","type":"page","link":"https:\/\/cecileroumiguiere.com\/wp\/?page_id=7756","title":{"rendered":"Des cartes"},"content":{"rendered":"\n<p>L&rsquo;amour des jeux, l&rsquo;amour des cartes\u2026 en deux cr\u00e9ations originales :<\/p>\n\n\n\n<p>\u00a0<br>\u2022 <a href=\"https:\/\/cecileroumiguiere.com\/wp\/?page_id=6951\">Cric crac, sors l&rsquo;histoire de sa bo\u00eete !<\/a> un jeu pour inventer, imaginer, en solo, en famille, entre ami\u00b7es, comme on veut ! en duo avec Carole Chaix, un projet \u00e0 l&rsquo;initiative du SLPJ de Montreuil et la CAf de Seine-Saint-Denis (d\u00e9cembre 2021).<\/p>\n\n\n\n<p>\u2022 <a href=\"https:\/\/cecileroumiguiere.com\/wp\/?page_id=7738\">Le tarot des sorci\u00e8res et autres femmes puissantes<\/a>, un jeu divinatoire en \u00e9cho au livre <a href=\"https:\/\/cecileroumiguiere.com\/wp\/?page_id=7166\">Les Sorci\u00e8res<\/a> de l&rsquo;encyclop\u00e9die du merveilleux, en duo avec Benjamin Lacombe chez Albin Michel (septembre 2024).<\/p>\n\n\n\n<figure class=\"wp-block-gallery has-nested-images columns-default is-cropped wp-block-gallery-1 is-layout-flex wp-block-gallery-is-layout-flex\">\n<figure class=\"wp-block-image size-large\"><a href=\"https:\/\/cecileroumiguiere.com\/wp\/?page_id=6951\"><img loading=\"lazy\" decoding=\"async\" width=\"700\" height=\"561\" data-id=\"6955\" src=\"https:\/\/cecileroumiguiere.com\/wp\/wp-content\/uploads\/2021\/11\/cric-crac2-700x561.jpg\" alt=\"\" class=\"wp-image-6955\" srcset=\"https:\/\/cecileroumiguiere.com\/wp\/wp-content\/uploads\/2021\/11\/cric-crac2-700x561.jpg 700w, https:\/\/cecileroumiguiere.com\/wp\/wp-content\/uploads\/2021\/11\/cric-crac2-300x240.jpg 300w, https:\/\/cecileroumiguiere.com\/wp\/wp-content\/uploads\/2021\/11\/cric-crac2.jpg 709w\" sizes=\"auto, (max-width: 700px) 100vw, 700px\" \/><\/a><\/figure>\n\n\n\n<figure class=\"wp-block-image size-large\"><a href=\"https:\/\/cecileroumiguiere.com\/wp\/?page_id=7738\"><img loading=\"lazy\" decoding=\"async\" width=\"570\" height=\"889\" data-id=\"7722\" src=\"https:\/\/cecileroumiguiere.com\/wp\/wp-content\/uploads\/2024\/07\/tarot-carte-lilith.jpg\" alt=\"\" class=\"wp-image-7722\" srcset=\"https:\/\/cecileroumiguiere.com\/wp\/wp-content\/uploads\/2024\/07\/tarot-carte-lilith.jpg 570w, https:\/\/cecileroumiguiere.com\/wp\/wp-content\/uploads\/2024\/07\/tarot-carte-lilith-192x300.jpg 192w\" sizes=\"auto, (max-width: 570px) 100vw, 570px\" \/><\/a><\/figure>\n<\/figure>\n","protected":false},"excerpt":{"rendered":"<p>L&rsquo;amour des jeux, l&rsquo;amour des cartes\u2026 en deux cr\u00e9ations originales : \u00a0\u2022 Cric crac, sors l&rsquo;histoire de sa bo\u00eete ! un jeu pour inventer, imaginer, en solo, en famille, entre ami\u00b7es, comme on veut ! en duo avec Carole Chaix, un projet \u00e0 l&rsquo;initiative du SLPJ de Montreuil et la CAf de Seine-Saint-Denis (d\u00e9cembre 2021). \u2022 Le tarot des sorci\u00e8res et autres femmes puissantes, un jeu divinatoire en \u00e9cho au livre Les Sorci\u00e8res de l&rsquo;encyclop\u00e9die du merveilleux, en duo avec Benjamin Lacombe chez Albin Michel (septembre 2024).<\/p>\n","protected":false},"author":1,"featured_media":0,"parent":0,"menu_order":0,"comment_status":"closed","ping_status":"closed","template":"","meta":{"footnotes":""},"class_list":["post-7756","page","type-page","status-publish","hentry"],"_links":{"self":[{"href":"https:\/\/cecileroumiguiere.com\/wp\/index.php?rest_route=\/wp\/v2\/pages\/7756","targetHints":{"allow":["GET"]}}],"collection":[{"href":"https:\/\/cecileroumiguiere.com\/wp\/index.php?rest_route=\/wp\/v2\/pages"}],"about":[{"href":"https:\/\/cecileroumiguiere.com\/wp\/index.php?rest_route=\/wp\/v2\/types\/page"}],"author":[{"embeddable":true,"href":"https:\/\/cecileroumiguiere.com\/wp\/index.php?rest_route=\/wp\/v2\/users\/1"}],"replies":[{"embeddable":true,"href":"https:\/\/cecileroumiguiere.com\/wp\/index.php?rest_route=%2Fwp%2Fv2%2Fcomments&post=7756"}],"version-history":[{"count":3,"href":"https:\/\/cecileroumiguiere.com\/wp\/index.php?rest_route=\/wp\/v2\/pages\/7756\/revisions"}],"predecessor-version":[{"id":7760,"href":"https:\/\/cecileroumiguiere.com\/wp\/index.php?rest_route=\/wp\/v2\/pages\/7756\/revisions\/7760"}],"wp:attachment":[{"href":"https:\/\/cecileroumiguiere.com\/wp\/index.php?rest_route=%2Fwp%2Fv2%2Fmedia&parent=7756"}],"curies":[{"name":"wp","href":"https:\/\/api.w.org\/{rel}","templated":true}]}}