{"id":7764,"date":"2024-07-23T15:05:54","date_gmt":"2024-07-23T14:05:54","guid":{"rendered":"https:\/\/cecileroumiguiere.com\/wp\/?page_id=7764"},"modified":"2024-09-08T14:12:05","modified_gmt":"2024-09-08T13:12:05","slug":"les-ogres-et-ogresses","status":"publish","type":"page","link":"https:\/\/cecileroumiguiere.com\/wp\/?page_id=7764","title":{"rendered":"Les Ogres et Ogresses"},"content":{"rendered":"\n<p class=\"has-text-align-right\"><em>Un livre de&nbsp;<a href=\"https:\/\/www.instagram.com\/p\/CjFU_GTjpWt\/\">l\u2018encyclop\u00e9die du Merveilleux<\/a>,<\/em><br><em>Illustrations sign\u00e9es <a href=\"https:\/\/www.instagram.com\/etiennefriess\/?hl=fr\">\u00c9tienne Friess<\/a>, collection de&nbsp;<a href=\"http:\/\/www.benjaminlacombe.com\/\">Benjamin Lacombe<\/a>,&nbsp;<a href=\"https:\/\/www.albin-michel.fr\/jeunesse\">Albin Michel<\/a>, septembre 2024<\/em><\/p>\n\n\n\n<blockquote class=\"wp-block-quote is-layout-flow wp-block-quote-is-layout-flow\">\n<p>La rumeur court\u2026 Du plus haut des montagnes jusqu\u2019aux rivi\u00e8res des fins fonds des vall\u00e9es, les mots sifflent dans le vent&nbsp;: <em>Kammapa a tout d\u00e9vor\u00e9, les cris du monstre font trembler les rochers, il a tout mang\u00e9&nbsp;! Ses langues ac\u00e9r\u00e9es ont an\u00e9anti le monde<\/em>.&nbsp;<br>Les mots bruissent et chuintent, mais plus personne n\u2019est l\u00e0 pour les entendre. Hommes, femmes, enfants, vieillards et grands-m\u00e8res, animaux des eaux comme du ciel, des for\u00eats ou des souterrains, Kammapa a tout englouti&nbsp;! Et maintenant, il est si gros, si \u00e9norme, que la terre a du mal \u00e0 le porter.<\/p>\n<\/blockquote>\n\n\n\n<h2 class=\"wp-block-heading\">Ogres et ogresses<\/h2>\n\n\n\n<p>Apr\u00e8s <a href=\"https:\/\/cecileroumiguiere.com\/wp\/?page_id=7166\" data-type=\"page\" data-id=\"7166\"><em>Les Sorci\u00e8res<\/em><\/a>, <a href=\"https:\/\/cecileroumiguiere.com\/wp\/?page_id=7482\" data-type=\"page\" data-id=\"7482\"><em>Les Dragons<\/em><\/a>, et, sous la plume de S\u00e9bastien Perez, <em>Les F\u00e9es<\/em> et <em>Les Monstres<\/em>, et en m\u00eame temps que <em>Les Fant\u00f4mes<\/em> (toujours sign\u00e9s S\u00e9bastien Perez), voici <em>Les Ogres et Ogresses<\/em>, sixi\u00e8me volume de \u201cl&rsquo;Encyclop\u00e9die du merveilleux\u201d dirig\u00e9e par Benjamin Lacombe.<br>Les ogres, les ogresses, un th\u00e8me puissant, universel, avec des histoires qui peuvent \u00eatre terrifiantes ou\u2026 dr\u00f4les.<\/p>\n\n\n\n<figure class=\"wp-block-gallery has-nested-images columns-4 is-cropped wp-block-gallery-1 is-layout-flex wp-block-gallery-is-layout-flex\">\n<figure class=\"wp-block-image size-large\"><img loading=\"lazy\" decoding=\"async\" width=\"599\" height=\"800\" data-id=\"7512\" src=\"https:\/\/cecileroumiguiere.com\/wp\/wp-content\/uploads\/2023\/09\/les-sorcieres.jpg\" alt=\"\" class=\"wp-image-7512\" srcset=\"https:\/\/cecileroumiguiere.com\/wp\/wp-content\/uploads\/2023\/09\/les-sorcieres.jpg 599w, https:\/\/cecileroumiguiere.com\/wp\/wp-content\/uploads\/2023\/09\/les-sorcieres-225x300.jpg 225w\" sizes=\"auto, (max-width: 599px) 100vw, 599px\" \/><figcaption class=\"wp-element-caption\"><a href=\"https:\/\/cecileroumiguiere.com\/wp\/?page_id=7166\" data-type=\"page\" data-id=\"7166\">Les Sorci\u00e8res<\/a><\/figcaption><\/figure>\n\n\n\n<figure class=\"wp-block-image size-large\"><img loading=\"lazy\" decoding=\"async\" width=\"595\" height=\"800\" data-id=\"7513\" src=\"https:\/\/cecileroumiguiere.com\/wp\/wp-content\/uploads\/2023\/09\/les-fees.jpg\" alt=\"\" class=\"wp-image-7513\" srcset=\"https:\/\/cecileroumiguiere.com\/wp\/wp-content\/uploads\/2023\/09\/les-fees.jpg 595w, https:\/\/cecileroumiguiere.com\/wp\/wp-content\/uploads\/2023\/09\/les-fees-223x300.jpg 223w\" sizes=\"auto, (max-width: 595px) 100vw, 595px\" \/><figcaption class=\"wp-element-caption\">S\u00e9bastien Perez &amp; BlueBirdy<\/figcaption><\/figure>\n\n\n\n<figure class=\"wp-block-image size-large\"><img loading=\"lazy\" decoding=\"async\" width=\"700\" height=\"962\" data-id=\"7527\" src=\"https:\/\/cecileroumiguiere.com\/wp\/wp-content\/uploads\/2023\/09\/couv-lesmonstres-700x962.jpg\" alt=\"\" class=\"wp-image-7527\" srcset=\"https:\/\/cecileroumiguiere.com\/wp\/wp-content\/uploads\/2023\/09\/couv-lesmonstres-700x962.jpg 700w, https:\/\/cecileroumiguiere.com\/wp\/wp-content\/uploads\/2023\/09\/couv-lesmonstres-218x300.jpg 218w, https:\/\/cecileroumiguiere.com\/wp\/wp-content\/uploads\/2023\/09\/couv-lesmonstres.jpg 709w\" sizes=\"auto, (max-width: 700px) 100vw, 700px\" \/><figcaption class=\"wp-element-caption\">S\u00e9bastien Perez &amp; Stan Manoukian<\/figcaption><\/figure>\n\n\n\n<figure class=\"wp-block-image size-large\"><img loading=\"lazy\" decoding=\"async\" width=\"567\" height=\"750\" data-id=\"7535\" src=\"https:\/\/cecileroumiguiere.com\/wp\/wp-content\/uploads\/2023\/09\/couv-dragons.jpg\" alt=\"\" class=\"wp-image-7535\" srcset=\"https:\/\/cecileroumiguiere.com\/wp\/wp-content\/uploads\/2023\/09\/couv-dragons.jpg 567w, https:\/\/cecileroumiguiere.com\/wp\/wp-content\/uploads\/2023\/09\/couv-dragons-227x300.jpg 227w\" sizes=\"auto, (max-width: 567px) 100vw, 567px\" \/><figcaption class=\"wp-element-caption\"><a href=\"https:\/\/cecileroumiguiere.com\/wp\/?page_id=7482\" data-type=\"page\" data-id=\"7482\">Les Dragons<\/a><\/figcaption><\/figure>\n\n\n\n<figure class=\"wp-block-image size-large\"><img loading=\"lazy\" decoding=\"async\" width=\"692\" height=\"946\" data-id=\"7782\" src=\"https:\/\/cecileroumiguiere.com\/wp\/wp-content\/uploads\/2024\/07\/fantomes-couverture.jpg\" alt=\"\" class=\"wp-image-7782\" srcset=\"https:\/\/cecileroumiguiere.com\/wp\/wp-content\/uploads\/2024\/07\/fantomes-couverture.jpg 692w, https:\/\/cecileroumiguiere.com\/wp\/wp-content\/uploads\/2024\/07\/fantomes-couverture-219x300.jpg 219w\" sizes=\"auto, (max-width: 692px) 100vw, 692px\" \/><figcaption class=\"wp-element-caption\">S\u00e9bastien Perez &amp; Isabella Mazzanti<\/figcaption><\/figure>\n\n\n\n<figure class=\"wp-block-image size-full\"><img loading=\"lazy\" decoding=\"async\" width=\"656\" height=\"860\" data-id=\"8006\" src=\"https:\/\/cecileroumiguiere.com\/wp\/wp-content\/uploads\/2024\/08\/Ogresogresses-couverture.jpg\" alt=\"\" class=\"wp-image-8006\" srcset=\"https:\/\/cecileroumiguiere.com\/wp\/wp-content\/uploads\/2024\/08\/Ogresogresses-couverture.jpg 656w, https:\/\/cecileroumiguiere.com\/wp\/wp-content\/uploads\/2024\/08\/Ogresogresses-couverture-229x300.jpg 229w\" sizes=\"auto, (max-width: 656px) 100vw, 656px\" \/><figcaption class=\"wp-element-caption\">C\u00e9cile Roumigui\u00e8re &amp; \u00c9tienne Friess<\/figcaption><\/figure>\n<\/figure>\n\n\n\n<h2 class=\"wp-block-heading\">Une histoire\u2026 de faim<\/h2>\n\n\n\n<p>Je vais te manger\u2026 G\u00e9ant ou g\u00e9ante, la bouche grande ouverte, l\u2019ogre est l\u00e0, montagne de force brute suscitant l\u2019\u00e9pouvante. Quand la f\u00e9e prot\u00e8ge, l\u2019ogre et l\u2019ogresse terrorisent et sid\u00e8rent. Certes, ces monstres ont forme humaine, mais ils n\u2019en sont que plus effrayants. Heureusement, l\u2019ogre est souvent aussi stupide que cupide, et les petits rus\u00e9s r\u00e9ussissent \u00e0 lui \u00e9chapper. Mais savoir qu\u2019il engloutit tout ce qui bouge, avouez, \u00e7a fait fr\u00e9mir&nbsp;!<\/p>\n\n\n\n<h2 class=\"wp-block-heading\">D&rsquo;ogres en ogresses<\/h2>\n\n\n\n<div class=\"wp-block-media-text is-stacked-on-mobile\" style=\"grid-template-columns:22% auto\"><figure class=\"wp-block-media-text__media\"><img loading=\"lazy\" decoding=\"async\" width=\"700\" height=\"938\" src=\"https:\/\/cecileroumiguiere.com\/wp\/wp-content\/uploads\/2024\/07\/Jack-haricot-magique-copie-700x938.jpeg\" alt=\"\" class=\"wp-image-7787 size-full\" srcset=\"https:\/\/cecileroumiguiere.com\/wp\/wp-content\/uploads\/2024\/07\/Jack-haricot-magique-copie-700x938.jpeg 700w, https:\/\/cecileroumiguiere.com\/wp\/wp-content\/uploads\/2024\/07\/Jack-haricot-magique-copie-224x300.jpeg 224w, https:\/\/cecileroumiguiere.com\/wp\/wp-content\/uploads\/2024\/07\/Jack-haricot-magique-copie-768x1029.jpeg 768w, https:\/\/cecileroumiguiere.com\/wp\/wp-content\/uploads\/2024\/07\/Jack-haricot-magique-copie-1146x1536.jpeg 1146w, https:\/\/cecileroumiguiere.com\/wp\/wp-content\/uploads\/2024\/07\/Jack-haricot-magique-copie-1140x1528.jpeg 1140w, https:\/\/cecileroumiguiere.com\/wp\/wp-content\/uploads\/2024\/07\/Jack-haricot-magique-copie.jpeg 1528w\" sizes=\"auto, (max-width: 700px) 100vw, 700px\" \/><\/figure><div class=\"wp-block-media-text__content\">\n<p>Huit r\u00e9cits portraits d&rsquo;ogres et ogresses, suivis des pages encyclop\u00e9diques&nbsp;: cr\u00e9atures du monde, d&rsquo;hier et d&rsquo;aujourd&rsquo;hui, habitat, magie, croquemitaines, violents et jaloux, m\u00e9tamorphoses et petits rus\u00e9s d\u00e9gommeurs d&rsquo;ogres\u2026 Des grands traits et des d\u00e9tails pour tout savoir sur ce monde vorace.<\/p>\n<\/div><\/div>\n\n\n\n<h2 class=\"wp-block-heading\">En suivant les galets de Siam<\/h2>\n\n\n\n<p>Pour entrer dans ce vaste monde des voraces, on suit Siam, une enfant qui se construit une cabane au fond du jardin et s&rsquo;y r\u00e9fugie  pour ne plus entendre les cris qui d\u00e9vastent sa famille.<\/p>\n\n\n\n<div class=\"wp-block-media-text is-stacked-on-mobile\" style=\"grid-template-columns:42% auto\"><figure class=\"wp-block-media-text__media\"><img loading=\"lazy\" decoding=\"async\" width=\"507\" height=\"471\" src=\"https:\/\/cecileroumiguiere.com\/wp\/wp-content\/uploads\/2024\/07\/Siam-cabane.jpg\" alt=\"\" class=\"wp-image-7783 size-full\" srcset=\"https:\/\/cecileroumiguiere.com\/wp\/wp-content\/uploads\/2024\/07\/Siam-cabane.jpg 507w, https:\/\/cecileroumiguiere.com\/wp\/wp-content\/uploads\/2024\/07\/Siam-cabane-300x279.jpg 300w\" sizes=\"auto, (max-width: 507px) 100vw, 507px\" \/><\/figure><div class=\"wp-block-media-text__content\">\n<p><em>Si elle pose le galet \u00ab h\u00e9risson \u00bb devant celui aux \u00e9pis de bl\u00e9, son p\u00e8re ne la grondera pas. Si la corneille est apr\u00e8s le soleil, la soir\u00e9e sera sombre&#8230; Les uns derri\u00e8re les autres, Siam agence ses galets peints. Une ligne en pointill\u00e9s d\u2019animaux et de plantes, d\u2019astres et de vagues se dessine sur le sol de sa cabane. L\u2019enfant sent son ventre gargouiller, elle ferme les yeux pour ne pas entendre sa faim.<\/em><\/p>\n<\/div><\/div>\n\n\n\n<h2 class=\"wp-block-heading\">Une \u00e9quipe<\/h2>\n\n\n\n<p>Je ne peux ici que redire ce que j&rsquo;ai \u00e9crit dans <em><a href=\"https:\/\/cecileroumiguiere.com\/wp\/?page_id=7482\" data-type=\"page\" data-id=\"7482\">Les dragons<\/a><\/em>\u2026 Ce livre n&rsquo;existerait pas sans la volont\u00e9 et l&rsquo;\u00e9nergie sans faille de Benjamin Lacombe. Directeur de collection de cette \u201cEncyclop\u00e9die du Merveilleux\u201d, il met chaque livre en sc\u00e8ne de fa\u00e7on somptueuse, de sa conception \u00e0 l&rsquo;impression. <em>Les ogres et ogresses<\/em> lui doivent leur force\u2026 d\u00e9vorante.<\/p>\n\n\n\n<div class=\"wp-block-media-text has-media-on-the-right is-stacked-on-mobile\" style=\"grid-template-columns:auto 37%\"><div class=\"wp-block-media-text__content\">\n<p>Les illustrations d\u2019\u00c9tienne Friess donnent un rythme fou \u00e0 cet univers de g\u00e9ants terrifiants. Entre tendresse et dr\u00f4lerie, \u00c9tienne s&rsquo;amuse et nous amuse \u00e0 regarder ces ogres et ogresses \u00e0 la fa\u00e7on du petit Poucet&nbsp;: ils nous terrifient mais leur b\u00eatise nous les rend humains et\u2026 on peut les vaincre !<\/p>\n<\/div><figure class=\"wp-block-media-text__media\"><img loading=\"lazy\" decoding=\"async\" width=\"700\" height=\"606\" src=\"https:\/\/cecileroumiguiere.com\/wp\/wp-content\/uploads\/2024\/07\/ijiraq-700x606.jpg\" alt=\"\" class=\"wp-image-7784 size-full\" srcset=\"https:\/\/cecileroumiguiere.com\/wp\/wp-content\/uploads\/2024\/07\/ijiraq-700x606.jpg 700w, https:\/\/cecileroumiguiere.com\/wp\/wp-content\/uploads\/2024\/07\/ijiraq-300x260.jpg 300w, https:\/\/cecileroumiguiere.com\/wp\/wp-content\/uploads\/2024\/07\/ijiraq.jpg 767w\" sizes=\"auto, (max-width: 700px) 100vw, 700px\" \/><\/figure><\/div>\n\n\n\n<p>Le livre a \u00e9t\u00e9 suivi, lu, relu, rerelu, cocoon\u00e9 par Lucette Savier, \u00c9lise Lacharme et Fleur P\u00e9dezert, mis en page par Fr\u00e9d\u00e9rique Deviller, imprim\u00e9 chez Soler en Espagne, d\u00e9sormais entre les mains des commerciaux et des libraires pour arriver jusqu&rsquo;\u00e0 vous\u2026<\/p>\n\n\n\n<p>Merci encore une fois \u00e0 Marion Jablonski et toute l&rsquo;\u00e9quipe chez Albin Michel !<\/p>\n\n\n\n<figure class=\"wp-block-embed is-type-video is-provider-youtube wp-block-embed-youtube wp-embed-aspect-16-9 wp-has-aspect-ratio\"><div class=\"wp-block-embed__wrapper\">\n<iframe loading=\"lazy\" title=\"Les Ogres et Ogresses\" width=\"960\" height=\"540\" src=\"https:\/\/www.youtube.com\/embed\/wCqDBnPVlIQ?feature=oembed\" frameborder=\"0\" allow=\"accelerometer; autoplay; clipboard-write; encrypted-media; gyroscope; picture-in-picture; web-share\" referrerpolicy=\"strict-origin-when-cross-origin\" allowfullscreen><\/iframe>\n<\/div><\/figure>\n","protected":false},"excerpt":{"rendered":"<p>Un livre de&nbsp;l\u2018encyclop\u00e9die du Merveilleux,Illustrations sign\u00e9es \u00c9tienne Friess, collection de&nbsp;Benjamin Lacombe,&nbsp;Albin Michel, septembre 2024 La rumeur court\u2026 Du plus haut des montagnes jusqu\u2019aux rivi\u00e8res des fins fonds des vall\u00e9es, les mots sifflent dans le vent&nbsp;: Kammapa a tout d\u00e9vor\u00e9, les cris du monstre font trembler les rochers, il a tout mang\u00e9&nbsp;! Ses langues ac\u00e9r\u00e9es ont an\u00e9anti le monde.&nbsp;Les mots bruissent et chuintent, mais plus personne n\u2019est l\u00e0 pour les entendre. Hommes, femmes, enfants, vieillards et grands-m\u00e8res, animaux des eaux comme du ciel, des for\u00eats ou des souterrains, Kammapa a tout englouti&nbsp;! Et maintenant, il est si gros, si \u00e9norme, que la terre a du mal \u00e0 le porter. Ogres et ogresses Apr\u00e8s Les Sorci\u00e8res, Les Dragons, et, sous la plume de S\u00e9bastien Perez, Les F\u00e9es et Les Monstres, et en m\u00eame temps que Les Fant\u00f4mes (toujours sign\u00e9s S\u00e9bastien Perez), voici Les Ogres et Ogresses, sixi\u00e8me volume de \u201cl&rsquo;Encyclop\u00e9die du merveilleux\u201d dirig\u00e9e par Benjamin Lacombe.Les ogres, les ogresses, un th\u00e8me puissant, universel, avec des histoires qui peuvent \u00eatre terrifiantes ou\u2026 dr\u00f4les. Une histoire\u2026 de faim Je vais te manger\u2026 G\u00e9ant ou g\u00e9ante, la bouche grande ouverte, l\u2019ogre est l\u00e0, montagne de force brute suscitant l\u2019\u00e9pouvante. Quand la f\u00e9e prot\u00e8ge, l\u2019ogre et l\u2019ogresse terrorisent et sid\u00e8rent. Certes, ces monstres ont forme humaine, mais ils n\u2019en sont que plus effrayants. Heureusement, l\u2019ogre est souvent aussi stupide que cupide, et les petits rus\u00e9s r\u00e9ussissent \u00e0 lui \u00e9chapper. Mais savoir qu\u2019il engloutit tout ce qui bouge, avouez, \u00e7a fait fr\u00e9mir&nbsp;! D&rsquo;ogres en ogresses Huit r\u00e9cits portraits d&rsquo;ogres et ogresses, suivis des pages encyclop\u00e9diques&nbsp;: cr\u00e9atures du monde, d&rsquo;hier et d&rsquo;aujourd&rsquo;hui, habitat, magie, croquemitaines, violents et jaloux, m\u00e9tamorphoses et petits rus\u00e9s d\u00e9gommeurs d&rsquo;ogres\u2026 Des grands traits et des d\u00e9tails pour tout savoir sur ce monde vorace. En suivant les galets de Siam Pour entrer dans ce vaste monde des voraces, on suit Siam, une enfant qui se construit une cabane au fond du jardin et s&rsquo;y r\u00e9fugie pour ne plus entendre les cris qui d\u00e9vastent sa famille. Si elle pose le galet \u00ab h\u00e9risson \u00bb devant celui aux \u00e9pis de bl\u00e9, son p\u00e8re ne la grondera pas. Si la corneille est apr\u00e8s le soleil, la soir\u00e9e sera sombre&#8230; Les uns derri\u00e8re les autres, Siam agence ses galets peints. Une ligne en pointill\u00e9s d\u2019animaux et de plantes, d\u2019astres et de vagues se dessine sur le sol de sa cabane. L\u2019enfant sent son ventre gargouiller, elle ferme les yeux pour ne pas entendre sa faim. Une \u00e9quipe Je ne peux ici que redire ce que j&rsquo;ai \u00e9crit dans Les dragons\u2026 Ce livre n&rsquo;existerait pas sans la volont\u00e9 et l&rsquo;\u00e9nergie sans faille de Benjamin Lacombe. Directeur de collection de cette \u201cEncyclop\u00e9die du Merveilleux\u201d, il met chaque livre en sc\u00e8ne de fa\u00e7on somptueuse, de sa conception \u00e0 l&rsquo;impression. Les ogres et ogresses lui doivent leur force\u2026 d\u00e9vorante. Les illustrations d\u2019\u00c9tienne Friess donnent un rythme fou \u00e0 cet univers de g\u00e9ants terrifiants. Entre tendresse et dr\u00f4lerie, \u00c9tienne s&rsquo;amuse et nous amuse \u00e0 regarder ces ogres et ogresses \u00e0 la fa\u00e7on du petit Poucet&nbsp;: ils nous terrifient mais leur b\u00eatise nous les rend humains et\u2026 on peut les vaincre ! Le livre a \u00e9t\u00e9 suivi, lu, relu, rerelu, cocoon\u00e9 par Lucette Savier, \u00c9lise Lacharme et Fleur P\u00e9dezert, mis en page par Fr\u00e9d\u00e9rique Deviller, imprim\u00e9 chez Soler en Espagne, d\u00e9sormais entre les mains des commerciaux et des libraires pour arriver jusqu&rsquo;\u00e0 vous\u2026 Merci encore une fois \u00e0 Marion Jablonski et toute l&rsquo;\u00e9quipe chez Albin Michel !<\/p>\n","protected":false},"author":1,"featured_media":0,"parent":0,"menu_order":0,"comment_status":"closed","ping_status":"closed","template":"","meta":{"footnotes":""},"class_list":["post-7764","page","type-page","status-publish","hentry"],"_links":{"self":[{"href":"https:\/\/cecileroumiguiere.com\/wp\/index.php?rest_route=\/wp\/v2\/pages\/7764","targetHints":{"allow":["GET"]}}],"collection":[{"href":"https:\/\/cecileroumiguiere.com\/wp\/index.php?rest_route=\/wp\/v2\/pages"}],"about":[{"href":"https:\/\/cecileroumiguiere.com\/wp\/index.php?rest_route=\/wp\/v2\/types\/page"}],"author":[{"embeddable":true,"href":"https:\/\/cecileroumiguiere.com\/wp\/index.php?rest_route=\/wp\/v2\/users\/1"}],"replies":[{"embeddable":true,"href":"https:\/\/cecileroumiguiere.com\/wp\/index.php?rest_route=%2Fwp%2Fv2%2Fcomments&post=7764"}],"version-history":[{"count":19,"href":"https:\/\/cecileroumiguiere.com\/wp\/index.php?rest_route=\/wp\/v2\/pages\/7764\/revisions"}],"predecessor-version":[{"id":8010,"href":"https:\/\/cecileroumiguiere.com\/wp\/index.php?rest_route=\/wp\/v2\/pages\/7764\/revisions\/8010"}],"wp:attachment":[{"href":"https:\/\/cecileroumiguiere.com\/wp\/index.php?rest_route=%2Fwp%2Fv2%2Fmedia&parent=7764"}],"curies":[{"name":"wp","href":"https:\/\/api.w.org\/{rel}","templated":true}]}}