{"id":8026,"date":"2025-01-11T14:58:20","date_gmt":"2025-01-11T13:58:20","guid":{"rendered":"https:\/\/cecileroumiguiere.com\/wp\/?page_id=8026"},"modified":"2025-02-19T18:10:04","modified_gmt":"2025-02-19T17:10:04","slug":"la-belle-la-bete","status":"publish","type":"page","link":"https:\/\/cecileroumiguiere.com\/wp\/?page_id=8026","title":{"rendered":"La Belle &#038; la B\u00eate"},"content":{"rendered":"\n<p class=\"has-text-align-right has-luminous-vivid-amber-color has-text-color has-link-color wp-elements-da1871dd6704216ca7c0b87f82bc71b9\"><em>Illustr\u00e9 par Benjamin Lacombe<br>Albin Michel, collection dirig\u00e9e par Benjamin Lacombe \u00b7 f\u00e9vrier 2025<\/em><\/p>\n\n\n\n<blockquote class=\"wp-block-quote is-layout-flow wp-block-quote-is-layout-flow\">\n<p>Il \u00e9tait une fois une B\u00eate,<br>il \u00e9tait une fois une Belle.<br>\u00c9coutez donc ce conte, cette rencontre,&nbsp;<br>ces mots qui se murmurent&nbsp;depuis on ne sait quand<br>au fil des lagunes, dans les brouillards de V\u00e9n\u00e9tie\u2026<\/p>\n<\/blockquote>\n\n\n\n<h2 class=\"wp-block-heading\">La voix de la B\u00eate<\/h2>\n\n\n\n<p>Le bonheur de reprendre, encore une fois, ce conte essentiel de mon enfance, et de le voir illustr\u00e9 par Benjamin Lacombe\u2026 \u00c9crire en entendant la voix de Jean Marais, en fr\u00e9missant aux ombres d&rsquo;Henri Alekan. Si Benjamin a grandi avec la version de Disney, sa vivacit\u00e9, sa fantaisie, moi, j&rsquo;ai connu l&rsquo;histoire avec le film de Jean Cocteau. Ma Belle n&rsquo;avait pas une robe jaune mais une tenue en noir et blanc, qui se pr\u00eatait \u00e0 toutes les couleurs que l&rsquo;on pouvait imaginer. Avec \u201cPeau d&rsquo;\u00c2ne\u201d, \u201cLa Belle et la B\u00eate\u201d est un conte structurel pour moi. Le repenser apr\u00e8s toutes les interrogations li\u00e9es au mouvement Metoo est une chance. Le travail \u00e9ditorial sur le texte fait avec Lucette Savier a \u00e9t\u00e9 fourmillant de questions et de r\u00e9flexions. Un vrai plaisir.<\/p>\n\n\n\n<h2 class=\"wp-block-heading\">Lettres et carnets intimes<\/h2>\n\n\n\n<p>Je me suis toujours demand\u00e9 ce que pensaient la Belle et la B\u00eate pendant leur s\u00e9paration, comment la vivaient-ils ? Il y a longtemps que je voulais imaginer des carnets qu&rsquo;ils \u00e9criraient, chacun de leur c\u00f4t\u00e9. Gr\u00e2ce \u00e0 Benjamin, magistral directeur de cette collection des classiques illustr\u00e9s, j&rsquo;ai pu \u00e9crire ces carnets, ces lettres, et les int\u00e9grer dans ce livre, comme une sorte de journal qui trace le chemin de l&rsquo;\u00e9panouissement de l&rsquo;amour.<\/p>\n\n\n\n<h2 class=\"wp-block-heading\">Des images \u00e9blouissantes<\/h2>\n\n\n\n<p>Virtuose de l&rsquo;illustration, Benjamin a mis toutes ses palettes dans ce livre, toute sa d\u00e9licatesse. Merci mille fois, Benjamin.<\/p>\n\n\n\n<figure class=\"wp-block-embed is-type-video is-provider-youtube wp-block-embed-youtube wp-embed-aspect-16-9 wp-has-aspect-ratio\"><div class=\"wp-block-embed__wrapper\">\n<iframe loading=\"lazy\" title=\"Trailer LA BELLE ET LA B\u00caTE\" width=\"960\" height=\"540\" src=\"https:\/\/www.youtube.com\/embed\/8cuLoE7GHVs?feature=oembed\" frameborder=\"0\" allow=\"accelerometer; autoplay; clipboard-write; encrypted-media; gyroscope; picture-in-picture; web-share\" referrerpolicy=\"strict-origin-when-cross-origin\" allowfullscreen><\/iframe>\n<\/div><\/figure>\n","protected":false},"excerpt":{"rendered":"<p>Illustr\u00e9 par Benjamin LacombeAlbin Michel, collection dirig\u00e9e par Benjamin Lacombe \u00b7 f\u00e9vrier 2025 Il \u00e9tait une fois une B\u00eate,il \u00e9tait une fois une Belle.\u00c9coutez donc ce conte, cette rencontre,&nbsp;ces mots qui se murmurent&nbsp;depuis on ne sait quandau fil des lagunes, dans les brouillards de V\u00e9n\u00e9tie\u2026 La voix de la B\u00eate Le bonheur de reprendre, encore une fois, ce conte essentiel de mon enfance, et de le voir illustr\u00e9 par Benjamin Lacombe\u2026 \u00c9crire en entendant la voix de Jean Marais, en fr\u00e9missant aux ombres d&rsquo;Henri Alekan. Si Benjamin a grandi avec la version de Disney, sa vivacit\u00e9, sa fantaisie, moi, j&rsquo;ai connu l&rsquo;histoire avec le film de Jean Cocteau. Ma Belle n&rsquo;avait pas une robe jaune mais une tenue en noir et blanc, qui se pr\u00eatait \u00e0 toutes les couleurs que l&rsquo;on pouvait imaginer. Avec \u201cPeau d&rsquo;\u00c2ne\u201d, \u201cLa Belle et la B\u00eate\u201d est un conte structurel pour moi. Le repenser apr\u00e8s toutes les interrogations li\u00e9es au mouvement Metoo est une chance. Le travail \u00e9ditorial sur le texte fait avec Lucette Savier a \u00e9t\u00e9 fourmillant de questions et de r\u00e9flexions. Un vrai plaisir. Lettres et carnets intimes Je me suis toujours demand\u00e9 ce que pensaient la Belle et la B\u00eate pendant leur s\u00e9paration, comment la vivaient-ils ? Il y a longtemps que je voulais imaginer des carnets qu&rsquo;ils \u00e9criraient, chacun de leur c\u00f4t\u00e9. Gr\u00e2ce \u00e0 Benjamin, magistral directeur de cette collection des classiques illustr\u00e9s, j&rsquo;ai pu \u00e9crire ces carnets, ces lettres, et les int\u00e9grer dans ce livre, comme une sorte de journal qui trace le chemin de l&rsquo;\u00e9panouissement de l&rsquo;amour. Des images \u00e9blouissantes Virtuose de l&rsquo;illustration, Benjamin a mis toutes ses palettes dans ce livre, toute sa d\u00e9licatesse. Merci mille fois, Benjamin.<\/p>\n","protected":false},"author":1,"featured_media":8028,"parent":0,"menu_order":0,"comment_status":"closed","ping_status":"closed","template":"","meta":{"footnotes":""},"class_list":["post-8026","page","type-page","status-publish","has-post-thumbnail","hentry"],"_links":{"self":[{"href":"https:\/\/cecileroumiguiere.com\/wp\/index.php?rest_route=\/wp\/v2\/pages\/8026","targetHints":{"allow":["GET"]}}],"collection":[{"href":"https:\/\/cecileroumiguiere.com\/wp\/index.php?rest_route=\/wp\/v2\/pages"}],"about":[{"href":"https:\/\/cecileroumiguiere.com\/wp\/index.php?rest_route=\/wp\/v2\/types\/page"}],"author":[{"embeddable":true,"href":"https:\/\/cecileroumiguiere.com\/wp\/index.php?rest_route=\/wp\/v2\/users\/1"}],"replies":[{"embeddable":true,"href":"https:\/\/cecileroumiguiere.com\/wp\/index.php?rest_route=%2Fwp%2Fv2%2Fcomments&post=8026"}],"version-history":[{"count":5,"href":"https:\/\/cecileroumiguiere.com\/wp\/index.php?rest_route=\/wp\/v2\/pages\/8026\/revisions"}],"predecessor-version":[{"id":8038,"href":"https:\/\/cecileroumiguiere.com\/wp\/index.php?rest_route=\/wp\/v2\/pages\/8026\/revisions\/8038"}],"wp:featuredmedia":[{"embeddable":true,"href":"https:\/\/cecileroumiguiere.com\/wp\/index.php?rest_route=\/wp\/v2\/media\/8028"}],"wp:attachment":[{"href":"https:\/\/cecileroumiguiere.com\/wp\/index.php?rest_route=%2Fwp%2Fv2%2Fmedia&parent=8026"}],"curies":[{"name":"wp","href":"https:\/\/api.w.org\/{rel}","templated":true}]}}