{"id":8058,"date":"2025-06-12T13:52:36","date_gmt":"2025-06-12T12:52:36","guid":{"rendered":"https:\/\/cecileroumiguiere.com\/wp\/?page_id=8058"},"modified":"2025-06-12T15:00:54","modified_gmt":"2025-06-12T14:00:54","slug":"ani-fleurdepi-%c2%b7-une-manifestation-pas-bidon","status":"publish","type":"page","link":"https:\/\/cecileroumiguiere.com\/wp\/?page_id=8058","title":{"rendered":"Ani Fleurd\u00e9pi \u00b7 Une manifestation pas bidon"},"content":{"rendered":"\n<p class=\"has-text-align-right\">Une s\u00e9rie avec&nbsp;<a href=\"https:\/\/anneloreparot.ultra-book.com\/#filter=.rub_1\">Annelore Parot<\/a>&nbsp;aux illustrations<br>tome 2, \u00e0&nbsp;<a href=\"https:\/\/www.ecoledesloisirs.fr\/\">l\u2019\u00e9cole des loisirs<\/a>&nbsp;\u00b7 collection \u201cNeuf\u201d \u00b7&nbsp;Juin 2025<\/p>\n\n\n\n<h2 class=\"wp-block-heading\">Tome 2 \u00b7 <em>Une manifestation pas bidon<\/em><\/h2>\n\n\n\n<blockquote class=\"wp-block-quote is-layout-flow wp-block-quote-is-layout-flow\">\n<p>Ses cheveux en bataille, arm\u00e9e d\u2019une antique longue-vue, Ani observe les va-et-vient chez son voisin. Cet \u0153il de b\u0153uf dans la salle de bain est une aubaine pour toute espionne en herbe qui se respecte&nbsp;! Il suffit de grimper en \u00e9quilibre sur le bord de la baignoire, et on a un panorama parfait sur le territoire de Jean-Bernard de la Motte-Marceau. Il ne peut pas voir Ani, mais Ani, elle, peut tout observer, de la haie au hangar.&nbsp;<br>Elle a le sourcil coinc\u00e9 dans la longue-vue quand\u2026 Elle n\u2019en croit pas ses yeux ! M\u00e9m\u00e9lie&nbsp;! Que fait-elle l\u00e0, chez le voisin ? Son gros cabas \u00e0 la main, d\u2019un pas d\u00e9cid\u00e9, elle passe le portail. Elle s\u2019arr\u00eate devant la porte d\u2019entr\u00e9e et sonne, ce qui fait aboyer Marengo comme un fou. Ani conna\u00eet bien sa grand-m\u00e8re&nbsp;: si elle est all\u00e9e toquer chez ce nuisible, c\u2019est que l\u2019heure est grave.<\/p>\n<\/blockquote>\n\n\n\n<h2 class=\"wp-block-heading\">Une s\u00e9rie et une narration diff\u00e9rente<\/h2>\n\n\n\n<p>L&rsquo;histoire d&rsquo;Ani Fleurd\u00e9pi a \u00e9t\u00e9 pens\u00e9e d&#8217;embl\u00e9e en s\u00e9rie. De tome en tome, Ani s&rsquo;attaquera avec humour \u00e0 un domaine li\u00e9 \u00e0 l&rsquo;\u00e9cologie. Sans donner de le\u00e7on, \u00e0 hauteur d&rsquo;enfants, ces aventures d&rsquo;Ani se veulent des fen\u00eatres ouvertes, l&rsquo;occasion de prises de consciences sur le sujet trait\u00e9. Apr\u00e8s l&rsquo;exploitation des animaux par les humain\u00b7es, l&rsquo;\u00e9clairage est mis ici sur le danger des herbicides. Viendront ensuite la nourriture, la surconsommation\u2026<\/p>\n\n\n\n<div class=\"wp-block-media-text is-stacked-on-mobile\" style=\"grid-template-columns:25% auto\"><figure class=\"wp-block-media-text__media\"><img loading=\"lazy\" decoding=\"async\" width=\"600\" height=\"921\" src=\"https:\/\/cecileroumiguiere.com\/wp\/wp-content\/uploads\/2025\/06\/ani-baignoire-3.jpg\" alt=\"\" class=\"wp-image-8068 size-full\" srcset=\"https:\/\/cecileroumiguiere.com\/wp\/wp-content\/uploads\/2025\/06\/ani-baignoire-3.jpg 600w, https:\/\/cecileroumiguiere.com\/wp\/wp-content\/uploads\/2025\/06\/ani-baignoire-3-195x300.jpg 195w\" sizes=\"auto, (max-width: 600px) 100vw, 600px\" \/><\/figure><div class=\"wp-block-media-text__content\">\n<p>D\u00e8s le d\u00e9part aussi, la s\u00e9rie a \u00e9t\u00e9 con\u00e7ue avec une double narration roman illustr\u00e9 &#8211; bande dessin\u00e9e. Le passage d&rsquo;un chapitre de texte \u00ab\u00a0gris\u00a0\u00bb \u00e0 un moment de dialogues mis en bulles permet un changement de rythme tout en restant dans une narration litt\u00e9raire. Une fa\u00e7on de tendre la main aux lecteurices \u00e9loign\u00e9\u00b7es du livre sans frustrer ceux et celles plus \u00e0 l&rsquo;aise dans la lecture.<\/p>\n<\/div><\/div>\n\n\n\n<h2 class=\"wp-block-heading\">Deuxi\u00e8me aventure, la guerre aux bidons<\/h2>\n\n\n\n<div class=\"wp-block-media-text has-media-on-the-right is-stacked-on-mobile\" style=\"grid-template-columns:auto 51%\"><div class=\"wp-block-media-text__content\">\n<p><br>Apr\u00e8s <em><a href=\"https:\/\/cecileroumiguiere.com\/wp\/?page_id=7645\">Une c\u00e9r\u00e9monie au poil<\/a><\/em>, Ani embarque Mirabelle, Anatole et toutes ses copines, ses copains dans un combat de poids : neutraliser les tonnes de bidons d&rsquo;insecticides mortels de l&rsquo;affreux voisin pollueur, Jean-Bernard de la Motte-Marceau, dit JBD. Mais quand M\u00e9m\u00e9lie, la grand-m\u00e8re d&rsquo;Ani s&rsquo;en m\u00eale, c&rsquo;est toute une histoire qui commence. Sans parler de la disparition de Marengo, le caniche trop bien coiff\u00e9 de JBD\u2026<\/p>\n<\/div><figure class=\"wp-block-media-text__media\"><img loading=\"lazy\" decoding=\"async\" width=\"700\" height=\"529\" src=\"https:\/\/cecileroumiguiere.com\/wp\/wp-content\/uploads\/2025\/06\/Ani-partie-BD-3-700x529.jpg\" alt=\"\" class=\"wp-image-8070 size-full\" srcset=\"https:\/\/cecileroumiguiere.com\/wp\/wp-content\/uploads\/2025\/06\/Ani-partie-BD-3-700x529.jpg 700w, https:\/\/cecileroumiguiere.com\/wp\/wp-content\/uploads\/2025\/06\/Ani-partie-BD-3-300x227.jpg 300w, https:\/\/cecileroumiguiere.com\/wp\/wp-content\/uploads\/2025\/06\/Ani-partie-BD-3-768x580.jpg 768w, https:\/\/cecileroumiguiere.com\/wp\/wp-content\/uploads\/2025\/06\/Ani-partie-BD-3-1140x861.jpg 1140w, https:\/\/cecileroumiguiere.com\/wp\/wp-content\/uploads\/2025\/06\/Ani-partie-BD-3.jpg 1196w\" sizes=\"auto, (max-width: 700px) 100vw, 700px\" \/><\/figure><\/div>\n\n\n\n<h2 class=\"wp-block-heading\">L&rsquo;\u00e9quipe<\/h2>\n\n\n\n<p>Couv\u00e9e par ses deux mamans, C\u00e9cile Roumigui\u00e8re au texte et Annelore Parot aux illustrations, Ani Fleurd\u00e9pi voit ses aventures \u00e9clorent et grandir \u00e0 l&rsquo;ombre de <a href=\"https:\/\/www.ecoledesloisirs.fr\/livre\/ani-fleurdepi-manifestation-pas-bidon\">l&rsquo;\u00e9cole des loisirs<\/a>, sous la baguette de Maya Michalon accompagn\u00e9e de toute l&rsquo;\u00e9quipe de cette belle maison.<\/p>\n\n\n\n<div class=\"wp-block-media-text has-media-on-the-right is-stacked-on-mobile\" style=\"grid-template-columns:auto 25%\"><div class=\"wp-block-media-text__content\">\n<ul class=\"wp-block-list\">\n<li><a href=\"https:\/\/www.ecoledesloisirs.fr\/livre\/ani-fleurdepi-manifestation-pas-bidon#collapse-9782211344883-0\">Collection&nbsp;Neuf<\/a><\/li>\n\n\n\n<li>8 \u00e0 11 ans<\/li>\n\n\n\n<li>Prix : 13,00 \u20ac<\/li>\n\n\n\n<li>ISBN :&nbsp;9782211344883<\/li>\n\n\n\n<li>En librairie le 11.06.2025<\/li>\n<\/ul>\n<\/div><figure class=\"wp-block-media-text__media\"><img loading=\"lazy\" decoding=\"async\" width=\"509\" height=\"768\" src=\"https:\/\/cecileroumiguiere.com\/wp\/wp-content\/uploads\/2025\/06\/Ani-2-pancartes-serre-1.jpg\" alt=\"\" class=\"wp-image-8074 size-full\" srcset=\"https:\/\/cecileroumiguiere.com\/wp\/wp-content\/uploads\/2025\/06\/Ani-2-pancartes-serre-1.jpg 509w, https:\/\/cecileroumiguiere.com\/wp\/wp-content\/uploads\/2025\/06\/Ani-2-pancartes-serre-1-199x300.jpg 199w\" sizes=\"auto, (max-width: 509px) 100vw, 509px\" \/><\/figure><\/div>\n\n\n\n<hr class=\"wp-block-separator has-alpha-channel-opacity\"\/>\n\n\n\n<p class=\"has-text-align-center\"><em>Illustrations \u00a9Annelore Parot &#8211; \u00e9cole des loisirs 2025<\/em><\/p>\n\n\n\n<div class=\"wp-block-media-text is-stacked-on-mobile\" style=\"grid-template-columns:22% auto\"><figure class=\"wp-block-media-text__media\"><img loading=\"lazy\" decoding=\"async\" width=\"430\" height=\"655\" src=\"https:\/\/cecileroumiguiere.com\/wp\/wp-content\/uploads\/2024\/03\/ani-couv.png\" alt=\"Ani Fleurd\u00e9pi cou verture\" class=\"wp-image-7646 size-full\" srcset=\"https:\/\/cecileroumiguiere.com\/wp\/wp-content\/uploads\/2024\/03\/ani-couv.png 430w, https:\/\/cecileroumiguiere.com\/wp\/wp-content\/uploads\/2024\/03\/ani-couv-197x300.png 197w\" sizes=\"auto, (max-width: 430px) 100vw, 430px\" \/><\/figure><div class=\"wp-block-media-text__content\">\n<p><\/p>\n\n\n\n<figure class=\"wp-block-image size-full is-resized\"><img loading=\"lazy\" decoding=\"async\" width=\"505\" height=\"749\" src=\"https:\/\/cecileroumiguiere.com\/wp\/wp-content\/uploads\/2025\/06\/ni2couv-.png\" alt=\"Ani Fleurd\u00e9pi 2, couverture\" class=\"wp-image-8059\" style=\"width:197px;height:auto\" srcset=\"https:\/\/cecileroumiguiere.com\/wp\/wp-content\/uploads\/2025\/06\/ni2couv-.png 505w, https:\/\/cecileroumiguiere.com\/wp\/wp-content\/uploads\/2025\/06\/ni2couv--202x300.png 202w\" sizes=\"auto, (max-width: 505px) 100vw, 505px\" \/><\/figure>\n\n\n\n<p><\/p>\n<\/div><\/div>\n","protected":false},"excerpt":{"rendered":"<p>Une s\u00e9rie avec&nbsp;Annelore Parot&nbsp;aux illustrationstome 2, \u00e0&nbsp;l\u2019\u00e9cole des loisirs&nbsp;\u00b7 collection \u201cNeuf\u201d \u00b7&nbsp;Juin 2025 Tome 2 \u00b7 Une manifestation pas bidon Ses cheveux en bataille, arm\u00e9e d\u2019une antique longue-vue, Ani observe les va-et-vient chez son voisin. Cet \u0153il de b\u0153uf dans la salle de bain est une aubaine pour toute espionne en herbe qui se respecte&nbsp;! Il suffit de grimper en \u00e9quilibre sur le bord de la baignoire, et on a un panorama parfait sur le territoire de Jean-Bernard de la Motte-Marceau. Il ne peut pas voir Ani, mais Ani, elle, peut tout observer, de la haie au hangar.&nbsp;Elle a le sourcil coinc\u00e9 dans la longue-vue quand\u2026 Elle n\u2019en croit pas ses yeux ! M\u00e9m\u00e9lie&nbsp;! Que fait-elle l\u00e0, chez le voisin ? Son gros cabas \u00e0 la main, d\u2019un pas d\u00e9cid\u00e9, elle passe le portail. Elle s\u2019arr\u00eate devant la porte d\u2019entr\u00e9e et sonne, ce qui fait aboyer Marengo comme un fou. Ani conna\u00eet bien sa grand-m\u00e8re&nbsp;: si elle est all\u00e9e toquer chez ce nuisible, c\u2019est que l\u2019heure est grave. Une s\u00e9rie et une narration diff\u00e9rente L&rsquo;histoire d&rsquo;Ani Fleurd\u00e9pi a \u00e9t\u00e9 pens\u00e9e d&#8217;embl\u00e9e en s\u00e9rie. De tome en tome, Ani s&rsquo;attaquera avec humour \u00e0 un domaine li\u00e9 \u00e0 l&rsquo;\u00e9cologie. Sans donner de le\u00e7on, \u00e0 hauteur d&rsquo;enfants, ces aventures d&rsquo;Ani se veulent des fen\u00eatres ouvertes, l&rsquo;occasion de prises de consciences sur le sujet trait\u00e9. Apr\u00e8s l&rsquo;exploitation des animaux par les humain\u00b7es, l&rsquo;\u00e9clairage est mis ici sur le danger des herbicides. Viendront ensuite la nourriture, la surconsommation\u2026 D\u00e8s le d\u00e9part aussi, la s\u00e9rie a \u00e9t\u00e9 con\u00e7ue avec une double narration roman illustr\u00e9 &#8211; bande dessin\u00e9e. Le passage d&rsquo;un chapitre de texte \u00ab\u00a0gris\u00a0\u00bb \u00e0 un moment de dialogues mis en bulles permet un changement de rythme tout en restant dans une narration litt\u00e9raire. Une fa\u00e7on de tendre la main aux lecteurices \u00e9loign\u00e9\u00b7es du livre sans frustrer ceux et celles plus \u00e0 l&rsquo;aise dans la lecture. Deuxi\u00e8me aventure, la guerre aux bidons Apr\u00e8s Une c\u00e9r\u00e9monie au poil, Ani embarque Mirabelle, Anatole et toutes ses copines, ses copains dans un combat de poids : neutraliser les tonnes de bidons d&rsquo;insecticides mortels de l&rsquo;affreux voisin pollueur, Jean-Bernard de la Motte-Marceau, dit JBD. Mais quand M\u00e9m\u00e9lie, la grand-m\u00e8re d&rsquo;Ani s&rsquo;en m\u00eale, c&rsquo;est toute une histoire qui commence. Sans parler de la disparition de Marengo, le caniche trop bien coiff\u00e9 de JBD\u2026 L&rsquo;\u00e9quipe Couv\u00e9e par ses deux mamans, C\u00e9cile Roumigui\u00e8re au texte et Annelore Parot aux illustrations, Ani Fleurd\u00e9pi voit ses aventures \u00e9clorent et grandir \u00e0 l&rsquo;ombre de l&rsquo;\u00e9cole des loisirs, sous la baguette de Maya Michalon accompagn\u00e9e de toute l&rsquo;\u00e9quipe de cette belle maison. Illustrations \u00a9Annelore Parot &#8211; \u00e9cole des loisirs 2025<\/p>\n","protected":false},"author":1,"featured_media":8059,"parent":0,"menu_order":0,"comment_status":"open","ping_status":"closed","template":"","meta":{"footnotes":""},"class_list":["post-8058","page","type-page","status-publish","has-post-thumbnail","hentry"],"_links":{"self":[{"href":"https:\/\/cecileroumiguiere.com\/wp\/index.php?rest_route=\/wp\/v2\/pages\/8058","targetHints":{"allow":["GET"]}}],"collection":[{"href":"https:\/\/cecileroumiguiere.com\/wp\/index.php?rest_route=\/wp\/v2\/pages"}],"about":[{"href":"https:\/\/cecileroumiguiere.com\/wp\/index.php?rest_route=\/wp\/v2\/types\/page"}],"author":[{"embeddable":true,"href":"https:\/\/cecileroumiguiere.com\/wp\/index.php?rest_route=\/wp\/v2\/users\/1"}],"replies":[{"embeddable":true,"href":"https:\/\/cecileroumiguiere.com\/wp\/index.php?rest_route=%2Fwp%2Fv2%2Fcomments&post=8058"}],"version-history":[{"count":23,"href":"https:\/\/cecileroumiguiere.com\/wp\/index.php?rest_route=\/wp\/v2\/pages\/8058\/revisions"}],"predecessor-version":[{"id":8103,"href":"https:\/\/cecileroumiguiere.com\/wp\/index.php?rest_route=\/wp\/v2\/pages\/8058\/revisions\/8103"}],"wp:featuredmedia":[{"embeddable":true,"href":"https:\/\/cecileroumiguiere.com\/wp\/index.php?rest_route=\/wp\/v2\/media\/8059"}],"wp:attachment":[{"href":"https:\/\/cecileroumiguiere.com\/wp\/index.php?rest_route=%2Fwp%2Fv2%2Fmedia&parent=8058"}],"curies":[{"name":"wp","href":"https:\/\/api.w.org\/{rel}","templated":true}]}}