{"id":8107,"date":"2025-11-19T16:43:03","date_gmt":"2025-11-19T15:43:03","guid":{"rendered":"https:\/\/cecileroumiguiere.com\/wp\/?page_id=8107"},"modified":"2025-11-19T17:08:39","modified_gmt":"2025-11-19T16:08:39","slug":"les-licornes","status":"publish","type":"page","link":"https:\/\/cecileroumiguiere.com\/wp\/?page_id=8107","title":{"rendered":"Les licornes"},"content":{"rendered":"\n<p class=\"has-text-align-right\"><em>Un livre de\u00a0<a href=\"https:\/\/www.instagram.com\/p\/CjFU_GTjpWt\/\">l\u2018encyclop\u00e9die du Merveilleux<\/a>,<\/em><br><em>Illustrations sign\u00e9es\u00a0<a href=\"https:\/\/justinebrax.ultra-book.com\/\">Justine Brax<\/a>, collection de\u00a0<a href=\"http:\/\/www.benjaminlacombe.com\/\">Benjamin Lacombe<\/a>,\u00a0<a href=\"https:\/\/www.albin-michel.fr\/jeunesse\">Albin Michel<\/a>, octobre 2025<\/em><\/p>\n\n\n\n<blockquote class=\"wp-block-quote is-layout-flow wp-block-quote-is-layout-flow\">\n<p>Il y a fort longtemps, dans un lieu cach\u00e9 des humains, vivaient en paix animaux et merveilles. Ce paradis d\u2019arbres g\u00e9ants, de fruits au go\u00fbt de miel et de rivi\u00e8res \u00e0 l\u2019eau douce se parait de plus de mille fleurs odorantes, aussi le nommait-on <em>Millefiori<\/em>. On trouvait l\u00e0 toutes sortes d\u2019animaux sauvages, des cr\u00e9atures inconnues des humains et deux licornes amoureuses, Anahita et Indra.\u00a0<br>Ce printemps-l\u00e0, le ventre d\u2019Anahita s\u2019arrondit\u00a0: bient\u00f4t, un poulain viendrait au monde\u00a0! Un b\u00e9b\u00e9 licorne \u00e9tait une raret\u00e9, et les deux cr\u00e9atures hennissaient joyeusement pour c\u00e9l\u00e9brer la future naissance, quand un fr\u00e9missement des plus hautes feuilles des arbres les alerta. Les licornes se fig\u00e8rent\u00a0; quelqu\u2019un venait de p\u00e9n\u00e9trer le monde de Millefiori.<\/p>\n<\/blockquote>\n\n\n\n<h2 class=\"wp-block-heading\">L&rsquo;imaginaire au galop\u2026<\/h2>\n\n\n\n<p>Apr\u00e8s <em>les Sorci\u00e8res<\/em>, <em>les Dragons<\/em>, <em>les Ogres et Ogresses<\/em>, voil\u00e0 que viennent\u2026 <em>les Licornes<\/em> ! Magnifiquement illustr\u00e9 par Justine Brax, ce monde merveilleux se d\u00e9couvre sous des coutures que l&rsquo;on ne soup\u00e7onnait pas. Saviez-vous que les licornes ne sont du genre f\u00e9minin en fran\u00e7ais que par un hasard de glissement de sons, qu&rsquo;ailleurs <em>le<\/em> licorne est masculin ? Que ces cr\u00e9atures sauvages peuvent \u00eatre f\u00e9roces, et qu&rsquo;elles sont n\u00e9es d&rsquo;une rumeur, il y a fort longtemps\u00a0? Ouvrez le livre : ces habitantes reines de l&rsquo;imaginaire ont tant de secrets \u00e0 r\u00e9v\u00e9ler\u2026<\/p>\n\n\n\n<h2 class=\"wp-block-heading\">Un r\u00eave de libert\u00e9<\/h2>\n\n\n\n<p>Au fil de huit portraits de licornes, on suit l&rsquo;histoire de Lili et ses r\u00eaves de libert\u00e9. Assise dans son fauteuil roulant, Lili voudrait suivre sa s\u0153ur dans sa d\u00e9couverte du monde et faire du cheval, comme elle\u2026 Un r\u00eave de libert\u00e9 qui fait \u00e9cho \u00e0 la cr\u00e9ature fantastique : indomptable, la licorne n&rsquo;existe que libre.<\/p>\n\n\n\n<h2 class=\"wp-block-heading\">Une collection qui s&rsquo;agrandit<\/h2>\n\n\n\n<p>Sorci\u00e8res, f\u00e9es, dragons, monstres, ogres et ogresses, fant\u00f4mes, licornes et mondes fantastiques\u2026 L&rsquo;encyclop\u00e9die du merveilleux d\u00e9ploie tout un \u00e9ventail d&rsquo;\u00eatres et d&rsquo;histoires qui plongent dans les m\u00e9andres de nos peurs, de nos r\u00eaves, et lient les cultures du monde entier.<br>Du c\u00f4t\u00e9 des mots : S\u00e9bastien P\u00e9rez et C\u00e9cile Roumigui\u00e8re<br>Du c\u00f4t\u00e9 des images : Benjamin Lacombe, Bluebirdy, Yvan Duque, Stan Manoukian, Etienne Friess, <br>Isa Bancewicz, Justine Brax et Kim Minji.<\/p>\n\n\n\n<figure class=\"wp-block-gallery has-nested-images columns-default is-cropped wp-block-gallery-1 is-layout-flex wp-block-gallery-is-layout-flex\">\n<figure class=\"wp-block-image size-large\"><img loading=\"lazy\" decoding=\"async\" width=\"599\" height=\"800\" data-id=\"7512\" src=\"https:\/\/cecileroumiguiere.com\/wp\/wp-content\/uploads\/2023\/09\/les-sorcieres.jpg\" alt=\"\" class=\"wp-image-7512\" srcset=\"https:\/\/cecileroumiguiere.com\/wp\/wp-content\/uploads\/2023\/09\/les-sorcieres.jpg 599w, https:\/\/cecileroumiguiere.com\/wp\/wp-content\/uploads\/2023\/09\/les-sorcieres-225x300.jpg 225w\" sizes=\"auto, (max-width: 599px) 100vw, 599px\" \/><\/figure>\n\n\n\n<figure class=\"wp-block-image size-large\"><img loading=\"lazy\" decoding=\"async\" width=\"595\" height=\"800\" data-id=\"7513\" src=\"https:\/\/cecileroumiguiere.com\/wp\/wp-content\/uploads\/2023\/09\/les-fees.jpg\" alt=\"\" class=\"wp-image-7513\" srcset=\"https:\/\/cecileroumiguiere.com\/wp\/wp-content\/uploads\/2023\/09\/les-fees.jpg 595w, https:\/\/cecileroumiguiere.com\/wp\/wp-content\/uploads\/2023\/09\/les-fees-223x300.jpg 223w\" sizes=\"auto, (max-width: 595px) 100vw, 595px\" \/><\/figure>\n\n\n\n<figure class=\"wp-block-image size-large\"><img loading=\"lazy\" decoding=\"async\" width=\"567\" height=\"750\" data-id=\"7535\" src=\"https:\/\/cecileroumiguiere.com\/wp\/wp-content\/uploads\/2023\/09\/couv-dragons.jpg\" alt=\"\" class=\"wp-image-7535\" srcset=\"https:\/\/cecileroumiguiere.com\/wp\/wp-content\/uploads\/2023\/09\/couv-dragons.jpg 567w, https:\/\/cecileroumiguiere.com\/wp\/wp-content\/uploads\/2023\/09\/couv-dragons-227x300.jpg 227w\" sizes=\"auto, (max-width: 567px) 100vw, 567px\" \/><\/figure>\n\n\n\n<figure class=\"wp-block-image size-large\"><img loading=\"lazy\" decoding=\"async\" width=\"700\" height=\"962\" data-id=\"7527\" src=\"https:\/\/cecileroumiguiere.com\/wp\/wp-content\/uploads\/2023\/09\/couv-lesmonstres-700x962.jpg\" alt=\"\" class=\"wp-image-7527\" srcset=\"https:\/\/cecileroumiguiere.com\/wp\/wp-content\/uploads\/2023\/09\/couv-lesmonstres-700x962.jpg 700w, https:\/\/cecileroumiguiere.com\/wp\/wp-content\/uploads\/2023\/09\/couv-lesmonstres-218x300.jpg 218w, https:\/\/cecileroumiguiere.com\/wp\/wp-content\/uploads\/2023\/09\/couv-lesmonstres.jpg 709w\" sizes=\"auto, (max-width: 700px) 100vw, 700px\" \/><\/figure>\n\n\n\n<figure class=\"wp-block-image size-large\"><img loading=\"lazy\" decoding=\"async\" width=\"700\" height=\"700\" data-id=\"7793\" src=\"https:\/\/cecileroumiguiere.com\/wp\/wp-content\/uploads\/2024\/07\/ogres-ogresses-carre-700x700.jpg\" alt=\"\" class=\"wp-image-7793\" srcset=\"https:\/\/cecileroumiguiere.com\/wp\/wp-content\/uploads\/2024\/07\/ogres-ogresses-carre-700x700.jpg 700w, https:\/\/cecileroumiguiere.com\/wp\/wp-content\/uploads\/2024\/07\/ogres-ogresses-carre-300x300.jpg 300w, https:\/\/cecileroumiguiere.com\/wp\/wp-content\/uploads\/2024\/07\/ogres-ogresses-carre-150x150.jpg 150w, https:\/\/cecileroumiguiere.com\/wp\/wp-content\/uploads\/2024\/07\/ogres-ogresses-carre-75x75.jpg 75w, https:\/\/cecileroumiguiere.com\/wp\/wp-content\/uploads\/2024\/07\/ogres-ogresses-carre.jpg 728w\" sizes=\"auto, (max-width: 700px) 100vw, 700px\" \/><\/figure>\n\n\n\n<figure class=\"wp-block-image size-large\"><img loading=\"lazy\" decoding=\"async\" width=\"692\" height=\"946\" data-id=\"7782\" src=\"https:\/\/cecileroumiguiere.com\/wp\/wp-content\/uploads\/2024\/07\/fantomes-couverture.jpg\" alt=\"\" class=\"wp-image-7782\" srcset=\"https:\/\/cecileroumiguiere.com\/wp\/wp-content\/uploads\/2024\/07\/fantomes-couverture.jpg 692w, https:\/\/cecileroumiguiere.com\/wp\/wp-content\/uploads\/2024\/07\/fantomes-couverture-219x300.jpg 219w\" sizes=\"auto, (max-width: 692px) 100vw, 692px\" \/><\/figure>\n\n\n\n<figure class=\"wp-block-image size-large\"><img loading=\"lazy\" decoding=\"async\" width=\"700\" height=\"916\" data-id=\"8109\" src=\"https:\/\/cecileroumiguiere.com\/wp\/wp-content\/uploads\/2025\/11\/licornes-couv-700x916.jpg\" alt=\"Les licornes, couverture\" class=\"wp-image-8109\" srcset=\"https:\/\/cecileroumiguiere.com\/wp\/wp-content\/uploads\/2025\/11\/licornes-couv-700x916.jpg 700w, https:\/\/cecileroumiguiere.com\/wp\/wp-content\/uploads\/2025\/11\/licornes-couv-229x300.jpg 229w, https:\/\/cecileroumiguiere.com\/wp\/wp-content\/uploads\/2025\/11\/licornes-couv-768x1005.jpg 768w, https:\/\/cecileroumiguiere.com\/wp\/wp-content\/uploads\/2025\/11\/licornes-couv-1173x1536.jpg 1173w, https:\/\/cecileroumiguiere.com\/wp\/wp-content\/uploads\/2025\/11\/licornes-couv-1564x2048.jpg 1564w, https:\/\/cecileroumiguiere.com\/wp\/wp-content\/uploads\/2025\/11\/licornes-couv-1140x1492.jpg 1140w, https:\/\/cecileroumiguiere.com\/wp\/wp-content\/uploads\/2025\/11\/licornes-couv-scaled.jpg 1955w\" sizes=\"auto, (max-width: 700px) 100vw, 700px\" \/><\/figure>\n\n\n\n<figure class=\"wp-block-image size-large\"><img loading=\"lazy\" decoding=\"async\" width=\"400\" height=\"537\" data-id=\"8116\" src=\"https:\/\/cecileroumiguiere.com\/wp\/wp-content\/uploads\/2025\/11\/Les-Mondes-fantastiques.jpg\" alt=\"\" class=\"wp-image-8116\" srcset=\"https:\/\/cecileroumiguiere.com\/wp\/wp-content\/uploads\/2025\/11\/Les-Mondes-fantastiques.jpg 400w, https:\/\/cecileroumiguiere.com\/wp\/wp-content\/uploads\/2025\/11\/Les-Mondes-fantastiques-223x300.jpg 223w\" sizes=\"auto, (max-width: 400px) 100vw, 400px\" \/><\/figure>\n<\/figure>\n","protected":false},"excerpt":{"rendered":"<p>Un livre de\u00a0l\u2018encyclop\u00e9die du Merveilleux,Illustrations sign\u00e9es\u00a0Justine Brax, collection de\u00a0Benjamin Lacombe,\u00a0Albin Michel, octobre 2025 Il y a fort longtemps, dans un lieu cach\u00e9 des humains, vivaient en paix animaux et merveilles. Ce paradis d\u2019arbres g\u00e9ants, de fruits au go\u00fbt de miel et de rivi\u00e8res \u00e0 l\u2019eau douce se parait de plus de mille fleurs odorantes, aussi le nommait-on Millefiori. On trouvait l\u00e0 toutes sortes d\u2019animaux sauvages, des cr\u00e9atures inconnues des humains et deux licornes amoureuses, Anahita et Indra.\u00a0Ce printemps-l\u00e0, le ventre d\u2019Anahita s\u2019arrondit\u00a0: bient\u00f4t, un poulain viendrait au monde\u00a0! Un b\u00e9b\u00e9 licorne \u00e9tait une raret\u00e9, et les deux cr\u00e9atures hennissaient joyeusement pour c\u00e9l\u00e9brer la future naissance, quand un fr\u00e9missement des plus hautes feuilles des arbres les alerta. Les licornes se fig\u00e8rent\u00a0; quelqu\u2019un venait de p\u00e9n\u00e9trer le monde de Millefiori. L&rsquo;imaginaire au galop\u2026 Apr\u00e8s les Sorci\u00e8res, les Dragons, les Ogres et Ogresses, voil\u00e0 que viennent\u2026 les Licornes ! Magnifiquement illustr\u00e9 par Justine Brax, ce monde merveilleux se d\u00e9couvre sous des coutures que l&rsquo;on ne soup\u00e7onnait pas. Saviez-vous que les licornes ne sont du genre f\u00e9minin en fran\u00e7ais que par un hasard de glissement de sons, qu&rsquo;ailleurs le licorne est masculin ? Que ces cr\u00e9atures sauvages peuvent \u00eatre f\u00e9roces, et qu&rsquo;elles sont n\u00e9es d&rsquo;une rumeur, il y a fort longtemps\u00a0? Ouvrez le livre : ces habitantes reines de l&rsquo;imaginaire ont tant de secrets \u00e0 r\u00e9v\u00e9ler\u2026 Un r\u00eave de libert\u00e9 Au fil de huit portraits de licornes, on suit l&rsquo;histoire de Lili et ses r\u00eaves de libert\u00e9. Assise dans son fauteuil roulant, Lili voudrait suivre sa s\u0153ur dans sa d\u00e9couverte du monde et faire du cheval, comme elle\u2026 Un r\u00eave de libert\u00e9 qui fait \u00e9cho \u00e0 la cr\u00e9ature fantastique : indomptable, la licorne n&rsquo;existe que libre. Une collection qui s&rsquo;agrandit Sorci\u00e8res, f\u00e9es, dragons, monstres, ogres et ogresses, fant\u00f4mes, licornes et mondes fantastiques\u2026 L&rsquo;encyclop\u00e9die du merveilleux d\u00e9ploie tout un \u00e9ventail d&rsquo;\u00eatres et d&rsquo;histoires qui plongent dans les m\u00e9andres de nos peurs, de nos r\u00eaves, et lient les cultures du monde entier.Du c\u00f4t\u00e9 des mots : S\u00e9bastien P\u00e9rez et C\u00e9cile Roumigui\u00e8reDu c\u00f4t\u00e9 des images : Benjamin Lacombe, Bluebirdy, Yvan Duque, Stan Manoukian, Etienne Friess, Isa Bancewicz, Justine Brax et Kim Minji.<\/p>\n","protected":false},"author":1,"featured_media":8109,"parent":0,"menu_order":0,"comment_status":"closed","ping_status":"closed","template":"","meta":{"footnotes":""},"class_list":["post-8107","page","type-page","status-publish","has-post-thumbnail","hentry"],"_links":{"self":[{"href":"https:\/\/cecileroumiguiere.com\/wp\/index.php?rest_route=\/wp\/v2\/pages\/8107","targetHints":{"allow":["GET"]}}],"collection":[{"href":"https:\/\/cecileroumiguiere.com\/wp\/index.php?rest_route=\/wp\/v2\/pages"}],"about":[{"href":"https:\/\/cecileroumiguiere.com\/wp\/index.php?rest_route=\/wp\/v2\/types\/page"}],"author":[{"embeddable":true,"href":"https:\/\/cecileroumiguiere.com\/wp\/index.php?rest_route=\/wp\/v2\/users\/1"}],"replies":[{"embeddable":true,"href":"https:\/\/cecileroumiguiere.com\/wp\/index.php?rest_route=%2Fwp%2Fv2%2Fcomments&post=8107"}],"version-history":[{"count":8,"href":"https:\/\/cecileroumiguiere.com\/wp\/index.php?rest_route=\/wp\/v2\/pages\/8107\/revisions"}],"predecessor-version":[{"id":8119,"href":"https:\/\/cecileroumiguiere.com\/wp\/index.php?rest_route=\/wp\/v2\/pages\/8107\/revisions\/8119"}],"wp:featuredmedia":[{"embeddable":true,"href":"https:\/\/cecileroumiguiere.com\/wp\/index.php?rest_route=\/wp\/v2\/media\/8109"}],"wp:attachment":[{"href":"https:\/\/cecileroumiguiere.com\/wp\/index.php?rest_route=%2Fwp%2Fv2%2Fmedia&parent=8107"}],"curies":[{"name":"wp","href":"https:\/\/api.w.org\/{rel}","templated":true}]}}