{"id":8121,"date":"2025-11-19T17:44:14","date_gmt":"2025-11-19T16:44:14","guid":{"rendered":"https:\/\/cecileroumiguiere.com\/wp\/?page_id=8121"},"modified":"2025-11-19T17:51:48","modified_gmt":"2025-11-19T16:51:48","slug":"letonnante-histoire-de-la-princesse-au-petit-pois","status":"publish","type":"page","link":"https:\/\/cecileroumiguiere.com\/wp\/?page_id=8121","title":{"rendered":"L&rsquo;\u00e9tonnante histoire de la princesse au petit pois"},"content":{"rendered":"\n<p class=\"has-text-align-right has-luminous-vivid-amber-color has-text-color has-link-color wp-elements-52604b7e1c0f3c51d534b075bcb4088b\"><em>Illustr\u00e9e par Nathalie Novi<br>Albin Michel, collection dirig\u00e9e par Benjamin Lacombe \u00b7 novembre 2025<\/em><\/p>\n\n\n\n<blockquote class=\"wp-block-quote is-layout-flow wp-block-quote-is-layout-flow\">\n<p><br>Une fille ! C\u2019est une fille ! Sa grande veste lui battant les mollets, le h\u00e9raut courait partout dans la ville. Il \u00e9tait si \u00e9mu qu\u2019il en oubliait de sonner trompette&nbsp;! Entre oc\u00e9an et for\u00eat, Hesp\u00e9rie, lointain royaume du bout du monde, vivait un jour des plus heureux&nbsp;: apr\u00e8s des ann\u00e9es sans espoir de prince ni de princesse, une enfant \u00e9tait n\u00e9e&nbsp;! La reine et le roi \u00e9taient si \u00e2g\u00e9s\u2026 Quand le ventre de la reine s\u2019\u00e9tait arrondi, on avait eu du mal \u00e0 y croire. On ne pensait plus un tel bonheur possible. Mais c\u2019\u00e9tait bel et bien vrai, aujourd\u2019hui, l\u2019enfant \u00e9tait l\u00e0.<\/p>\n<\/blockquote>\n\n\n\n<h2 class=\"wp-block-heading\">Souvenirs d&rsquo;enfance<\/h2>\n\n\n\n<p>Une princesse, des matelas, des \u00e9dredons et\u2026 un petit pois. Ni ogre terrible ni gentille f\u00e9e avec baguette, seulement une jeune femme si sensible que c&rsquo;est \u00e0 cela qu&rsquo;un prince s\u00fbr de lui la reconna\u00eet comme princesse. Quelle dr\u00f4le de trame pour un conte ! Enfant, je l&rsquo;ai toujours trouv\u00e9 si absurde qu&rsquo;il en devenait charmant. Quand Benjamin Lacombe m&rsquo;a propos\u00e9 de le r\u00e9\u00e9crire, j&rsquo;ai d\u00e9couvert que le texte initial d&rsquo;Andersen ne faisait que quelques lignes\u2026 Quelques mots seulement pour l&rsquo;une des histoires les plus c\u00e9l\u00e8bres du monde occidental. La magie d&rsquo;Andersen, qui creuse ici comme tant de textes un trait de sa personnalit\u00e9, la sensibilit\u00e9. Le personnage de la princesse est magnifiquement pr\u00e9sent, on la voit s&rsquo;\u00e9tonner de cette nuit si mauvaise pass\u00e9e sur un lit si haut, et par sa spontan\u00e9it\u00e9, elle interroge : qu&rsquo;est-ce qui fait que l&rsquo;on est princesse ? Il n&rsquo;est pas question ici de naissance, mais de sensibilit\u00e9. En relisant le conte \u00e0 ma fa\u00e7on, j&rsquo;ai imagin\u00e9 l&rsquo;enfance, l&rsquo;adolescence, et les choix de cette princesse sans pr\u00e9nom que j&rsquo;ai nomm\u00e9e Ipom\u00e9e, le nom d&rsquo;une fleur volubile.<\/p>\n\n\n\n<h2 class=\"wp-block-heading\">Au plus pr\u00e8s de la nature<\/h2>\n\n\n\n<p>Chez Nathalie Novi, Ipom\u00e9e et les humaines, les humains qui l&rsquo;entourent sont figur\u00e9s sous les traits d&rsquo;animaux. On entre dans un monde o\u00f9 la nature est reine, o\u00f9 des sc\u00e8nes d&rsquo;une douceur extr\u00eame peuvent faire place \u00e0 des tableaux cruels quand des chasseurs menacent l&rsquo;harmonie autour de la princesse. Une \u0153uvre splendide o\u00f9 chaque personnage est incarn\u00e9, chaque \u00e9motion cueillie \u00e0 fleur de trait. Une palette parfaite pour Ipom\u00e9e\u2026<\/p>\n\n\n\n<figure class=\"wp-block-image size-large is-resized\"><img loading=\"lazy\" decoding=\"async\" width=\"700\" height=\"259\" src=\"https:\/\/cecileroumiguiere.com\/wp\/wp-content\/uploads\/2025\/11\/foule-depart-700x259.jpg\" alt=\"\" class=\"wp-image-8125\" style=\"width:840px;height:auto\" srcset=\"https:\/\/cecileroumiguiere.com\/wp\/wp-content\/uploads\/2025\/11\/foule-depart-700x259.jpg 700w, https:\/\/cecileroumiguiere.com\/wp\/wp-content\/uploads\/2025\/11\/foule-depart-300x111.jpg 300w, https:\/\/cecileroumiguiere.com\/wp\/wp-content\/uploads\/2025\/11\/foule-depart-768x285.jpg 768w, https:\/\/cecileroumiguiere.com\/wp\/wp-content\/uploads\/2025\/11\/foule-depart-1536x569.jpg 1536w, https:\/\/cecileroumiguiere.com\/wp\/wp-content\/uploads\/2025\/11\/foule-depart-2048x759.jpg 2048w, https:\/\/cecileroumiguiere.com\/wp\/wp-content\/uploads\/2025\/11\/foule-depart-1140x422.jpg 1140w\" sizes=\"auto, (max-width: 700px) 100vw, 700px\" \/><\/figure>\n\n\n\n<div class=\"wp-block-media-text has-media-on-the-right is-stacked-on-mobile\" style=\"grid-template-columns:auto 44%\"><div class=\"wp-block-media-text__content\">\n<p><em>La toute jeune Ipom\u00e9e applaudissait d\u00e8s qu\u2019elle apercevait un papillon ou une m\u00e9sange, imaginez sa joie quand une biche ou un marcassin pointait son museau vers le potager ! Mais \u00e0 la vue d\u2019un papillon pris dans la toile d\u2019une araign\u00e9e, elle fondait en larme, c\u2019\u00e9tait comme si le monde s\u2019\u00e9croulait\u2026 Autant elle \u00e9tait facilement r\u00e9jouie, autant le moindre petit drame de la vie lui donnait un chagrin si intense qu\u2019il la d\u00e9vastait.<\/em><\/p>\n<\/div><figure class=\"wp-block-media-text__media\"><img loading=\"lazy\" decoding=\"async\" width=\"700\" height=\"943\" src=\"https:\/\/cecileroumiguiere.com\/wp\/wp-content\/uploads\/2025\/11\/ipomee-troncarbre-700x943.jpg\" alt=\"\" class=\"wp-image-8124 size-full\" srcset=\"https:\/\/cecileroumiguiere.com\/wp\/wp-content\/uploads\/2025\/11\/ipomee-troncarbre-700x943.jpg 700w, https:\/\/cecileroumiguiere.com\/wp\/wp-content\/uploads\/2025\/11\/ipomee-troncarbre-223x300.jpg 223w, https:\/\/cecileroumiguiere.com\/wp\/wp-content\/uploads\/2025\/11\/ipomee-troncarbre-768x1034.jpg 768w, https:\/\/cecileroumiguiere.com\/wp\/wp-content\/uploads\/2025\/11\/ipomee-troncarbre-1141x1536.jpg 1141w, https:\/\/cecileroumiguiere.com\/wp\/wp-content\/uploads\/2025\/11\/ipomee-troncarbre-1521x2048.jpg 1521w, https:\/\/cecileroumiguiere.com\/wp\/wp-content\/uploads\/2025\/11\/ipomee-troncarbre-1140x1535.jpg 1140w, https:\/\/cecileroumiguiere.com\/wp\/wp-content\/uploads\/2025\/11\/ipomee-troncarbre-scaled.jpg 1901w\" sizes=\"auto, (max-width: 700px) 100vw, 700px\" \/><\/figure><\/div>\n\n\n\n<pre class=\"wp-block-preformatted\">Toutes les images \u00a9 Nathalie Novi 2025<\/pre>\n","protected":false},"excerpt":{"rendered":"<p>Illustr\u00e9e par Nathalie NoviAlbin Michel, collection dirig\u00e9e par Benjamin Lacombe \u00b7 novembre 2025 Une fille ! C\u2019est une fille ! Sa grande veste lui battant les mollets, le h\u00e9raut courait partout dans la ville. Il \u00e9tait si \u00e9mu qu\u2019il en oubliait de sonner trompette&nbsp;! Entre oc\u00e9an et for\u00eat, Hesp\u00e9rie, lointain royaume du bout du monde, vivait un jour des plus heureux&nbsp;: apr\u00e8s des ann\u00e9es sans espoir de prince ni de princesse, une enfant \u00e9tait n\u00e9e&nbsp;! La reine et le roi \u00e9taient si \u00e2g\u00e9s\u2026 Quand le ventre de la reine s\u2019\u00e9tait arrondi, on avait eu du mal \u00e0 y croire. On ne pensait plus un tel bonheur possible. Mais c\u2019\u00e9tait bel et bien vrai, aujourd\u2019hui, l\u2019enfant \u00e9tait l\u00e0. Souvenirs d&rsquo;enfance Une princesse, des matelas, des \u00e9dredons et\u2026 un petit pois. Ni ogre terrible ni gentille f\u00e9e avec baguette, seulement une jeune femme si sensible que c&rsquo;est \u00e0 cela qu&rsquo;un prince s\u00fbr de lui la reconna\u00eet comme princesse. Quelle dr\u00f4le de trame pour un conte ! Enfant, je l&rsquo;ai toujours trouv\u00e9 si absurde qu&rsquo;il en devenait charmant. Quand Benjamin Lacombe m&rsquo;a propos\u00e9 de le r\u00e9\u00e9crire, j&rsquo;ai d\u00e9couvert que le texte initial d&rsquo;Andersen ne faisait que quelques lignes\u2026 Quelques mots seulement pour l&rsquo;une des histoires les plus c\u00e9l\u00e8bres du monde occidental. La magie d&rsquo;Andersen, qui creuse ici comme tant de textes un trait de sa personnalit\u00e9, la sensibilit\u00e9. Le personnage de la princesse est magnifiquement pr\u00e9sent, on la voit s&rsquo;\u00e9tonner de cette nuit si mauvaise pass\u00e9e sur un lit si haut, et par sa spontan\u00e9it\u00e9, elle interroge : qu&rsquo;est-ce qui fait que l&rsquo;on est princesse ? Il n&rsquo;est pas question ici de naissance, mais de sensibilit\u00e9. En relisant le conte \u00e0 ma fa\u00e7on, j&rsquo;ai imagin\u00e9 l&rsquo;enfance, l&rsquo;adolescence, et les choix de cette princesse sans pr\u00e9nom que j&rsquo;ai nomm\u00e9e Ipom\u00e9e, le nom d&rsquo;une fleur volubile. Au plus pr\u00e8s de la nature Chez Nathalie Novi, Ipom\u00e9e et les humaines, les humains qui l&rsquo;entourent sont figur\u00e9s sous les traits d&rsquo;animaux. On entre dans un monde o\u00f9 la nature est reine, o\u00f9 des sc\u00e8nes d&rsquo;une douceur extr\u00eame peuvent faire place \u00e0 des tableaux cruels quand des chasseurs menacent l&rsquo;harmonie autour de la princesse. Une \u0153uvre splendide o\u00f9 chaque personnage est incarn\u00e9, chaque \u00e9motion cueillie \u00e0 fleur de trait. Une palette parfaite pour Ipom\u00e9e\u2026 La toute jeune Ipom\u00e9e applaudissait d\u00e8s qu\u2019elle apercevait un papillon ou une m\u00e9sange, imaginez sa joie quand une biche ou un marcassin pointait son museau vers le potager ! Mais \u00e0 la vue d\u2019un papillon pris dans la toile d\u2019une araign\u00e9e, elle fondait en larme, c\u2019\u00e9tait comme si le monde s\u2019\u00e9croulait\u2026 Autant elle \u00e9tait facilement r\u00e9jouie, autant le moindre petit drame de la vie lui donnait un chagrin si intense qu\u2019il la d\u00e9vastait. Toutes les images \u00a9 Nathalie Novi 2025<\/p>\n","protected":false},"author":1,"featured_media":8122,"parent":0,"menu_order":0,"comment_status":"closed","ping_status":"closed","template":"","meta":{"footnotes":""},"class_list":["post-8121","page","type-page","status-publish","has-post-thumbnail","hentry"],"_links":{"self":[{"href":"https:\/\/cecileroumiguiere.com\/wp\/index.php?rest_route=\/wp\/v2\/pages\/8121","targetHints":{"allow":["GET"]}}],"collection":[{"href":"https:\/\/cecileroumiguiere.com\/wp\/index.php?rest_route=\/wp\/v2\/pages"}],"about":[{"href":"https:\/\/cecileroumiguiere.com\/wp\/index.php?rest_route=\/wp\/v2\/types\/page"}],"author":[{"embeddable":true,"href":"https:\/\/cecileroumiguiere.com\/wp\/index.php?rest_route=\/wp\/v2\/users\/1"}],"replies":[{"embeddable":true,"href":"https:\/\/cecileroumiguiere.com\/wp\/index.php?rest_route=%2Fwp%2Fv2%2Fcomments&post=8121"}],"version-history":[{"count":7,"href":"https:\/\/cecileroumiguiere.com\/wp\/index.php?rest_route=\/wp\/v2\/pages\/8121\/revisions"}],"predecessor-version":[{"id":8136,"href":"https:\/\/cecileroumiguiere.com\/wp\/index.php?rest_route=\/wp\/v2\/pages\/8121\/revisions\/8136"}],"wp:featuredmedia":[{"embeddable":true,"href":"https:\/\/cecileroumiguiere.com\/wp\/index.php?rest_route=\/wp\/v2\/media\/8122"}],"wp:attachment":[{"href":"https:\/\/cecileroumiguiere.com\/wp\/index.php?rest_route=%2Fwp%2Fv2%2Fmedia&parent=8121"}],"curies":[{"name":"wp","href":"https:\/\/api.w.org\/{rel}","templated":true}]}}