{"id":8138,"date":"2025-11-19T18:12:16","date_gmt":"2025-11-19T17:12:16","guid":{"rendered":"https:\/\/cecileroumiguiere.com\/wp\/?page_id=8138"},"modified":"2025-11-19T18:12:29","modified_gmt":"2025-11-19T17:12:29","slug":"le-monde-autour-de-moi-ma-peau-mes-yeux","status":"publish","type":"page","link":"https:\/\/cecileroumiguiere.com\/wp\/?page_id=8138","title":{"rendered":"Le monde autour de moi &#8211; Ma peau &#8211; Mes yeux"},"content":{"rendered":"\n<p class=\"has-text-align-right\"><em>Illustr\u00e9s par\u00a0<a href=\"https:\/\/www.instagram.com\/marionduvalillustration\/\">Marion Duval<\/a>\u00a0\u00b7 Le Seuil octobre 202<\/em>5<\/p>\n\n\n\n<p>Pour poursuivre la merveilleuse aventure de la d\u00e9couverte de ce \u201cmonde autour de moi\u201d, <em>Ma peau<\/em> et <em>Mes yeux<\/em> sont les deux premiers volumes consacr\u00e9s aux sens. Sous les pinceaux de Marion Duval et les mots de C\u00e9cile Roumigui\u00e8re, l&rsquo;enfant s&rsquo;\u00e9veille\u2026<\/p>\n\n\n\n<figure class=\"wp-block-image size-large is-resized\"><img loading=\"lazy\" decoding=\"async\" width=\"700\" height=\"350\" src=\"https:\/\/cecileroumiguiere.com\/wp\/wp-content\/uploads\/2025\/11\/mesyeux-inetrieur-1-700x350.jpg\" alt=\"\" class=\"wp-image-8143\" style=\"width:817px;height:auto\" srcset=\"https:\/\/cecileroumiguiere.com\/wp\/wp-content\/uploads\/2025\/11\/mesyeux-inetrieur-1-700x350.jpg 700w, https:\/\/cecileroumiguiere.com\/wp\/wp-content\/uploads\/2025\/11\/mesyeux-inetrieur-1-300x150.jpg 300w, https:\/\/cecileroumiguiere.com\/wp\/wp-content\/uploads\/2025\/11\/mesyeux-inetrieur-1-768x384.jpg 768w, https:\/\/cecileroumiguiere.com\/wp\/wp-content\/uploads\/2025\/11\/mesyeux-inetrieur-1-1536x768.jpg 1536w, https:\/\/cecileroumiguiere.com\/wp\/wp-content\/uploads\/2025\/11\/mesyeux-inetrieur-1-2048x1023.jpg 2048w, https:\/\/cecileroumiguiere.com\/wp\/wp-content\/uploads\/2025\/11\/mesyeux-inetrieur-1-1080x540.jpg 1080w, https:\/\/cecileroumiguiere.com\/wp\/wp-content\/uploads\/2025\/11\/mesyeux-inetrieur-1-1140x570.jpg 1140w\" sizes=\"auto, (max-width: 700px) 100vw, 700px\" \/><\/figure>\n\n\n\n<figure class=\"wp-block-image size-large is-resized\"><img loading=\"lazy\" decoding=\"async\" width=\"700\" height=\"349\" src=\"https:\/\/cecileroumiguiere.com\/wp\/wp-content\/uploads\/2025\/11\/mesyeux-interieur-1-700x349.jpg\" alt=\"\" class=\"wp-image-8144\" style=\"width:813px;height:auto\" srcset=\"https:\/\/cecileroumiguiere.com\/wp\/wp-content\/uploads\/2025\/11\/mesyeux-interieur-1-700x349.jpg 700w, https:\/\/cecileroumiguiere.com\/wp\/wp-content\/uploads\/2025\/11\/mesyeux-interieur-1-300x150.jpg 300w, https:\/\/cecileroumiguiere.com\/wp\/wp-content\/uploads\/2025\/11\/mesyeux-interieur-1-768x383.jpg 768w, https:\/\/cecileroumiguiere.com\/wp\/wp-content\/uploads\/2025\/11\/mesyeux-interieur-1-1536x767.jpg 1536w, https:\/\/cecileroumiguiere.com\/wp\/wp-content\/uploads\/2025\/11\/mesyeux-interieur-1-2048x1022.jpg 2048w, https:\/\/cecileroumiguiere.com\/wp\/wp-content\/uploads\/2025\/11\/mesyeux-interieur-1-1080x540.jpg 1080w, https:\/\/cecileroumiguiere.com\/wp\/wp-content\/uploads\/2025\/11\/mesyeux-interieur-1-1140x569.jpg 1140w\" sizes=\"auto, (max-width: 700px) 100vw, 700px\" \/><\/figure>\n\n\n\n<pre class=\"wp-block-preformatted\">Images \u00a9 Marion Duval<\/pre>\n","protected":false},"excerpt":{"rendered":"<p>Illustr\u00e9s par\u00a0Marion Duval\u00a0\u00b7 Le Seuil octobre 2025 Pour poursuivre la merveilleuse aventure de la d\u00e9couverte de ce \u201cmonde autour de moi\u201d, Ma peau et Mes yeux sont les deux premiers volumes consacr\u00e9s aux sens. Sous les pinceaux de Marion Duval et les mots de C\u00e9cile Roumigui\u00e8re, l&rsquo;enfant s&rsquo;\u00e9veille\u2026 Images \u00a9 Marion Duval<\/p>\n","protected":false},"author":1,"featured_media":8145,"parent":0,"menu_order":0,"comment_status":"closed","ping_status":"closed","template":"","meta":{"footnotes":""},"class_list":["post-8138","page","type-page","status-publish","has-post-thumbnail","hentry"],"_links":{"self":[{"href":"https:\/\/cecileroumiguiere.com\/wp\/index.php?rest_route=\/wp\/v2\/pages\/8138","targetHints":{"allow":["GET"]}}],"collection":[{"href":"https:\/\/cecileroumiguiere.com\/wp\/index.php?rest_route=\/wp\/v2\/pages"}],"about":[{"href":"https:\/\/cecileroumiguiere.com\/wp\/index.php?rest_route=\/wp\/v2\/types\/page"}],"author":[{"embeddable":true,"href":"https:\/\/cecileroumiguiere.com\/wp\/index.php?rest_route=\/wp\/v2\/users\/1"}],"replies":[{"embeddable":true,"href":"https:\/\/cecileroumiguiere.com\/wp\/index.php?rest_route=%2Fwp%2Fv2%2Fcomments&post=8138"}],"version-history":[{"count":2,"href":"https:\/\/cecileroumiguiere.com\/wp\/index.php?rest_route=\/wp\/v2\/pages\/8138\/revisions"}],"predecessor-version":[{"id":8147,"href":"https:\/\/cecileroumiguiere.com\/wp\/index.php?rest_route=\/wp\/v2\/pages\/8138\/revisions\/8147"}],"wp:featuredmedia":[{"embeddable":true,"href":"https:\/\/cecileroumiguiere.com\/wp\/index.php?rest_route=\/wp\/v2\/media\/8145"}],"wp:attachment":[{"href":"https:\/\/cecileroumiguiere.com\/wp\/index.php?rest_route=%2Fwp%2Fv2%2Fmedia&parent=8138"}],"curies":[{"name":"wp","href":"https:\/\/api.w.org\/{rel}","templated":true}]}}