{"id":8184,"date":"2026-02-09T12:17:25","date_gmt":"2026-02-09T11:17:25","guid":{"rendered":"https:\/\/cecileroumiguiere.com\/wp\/?page_id=8184"},"modified":"2026-02-09T14:53:00","modified_gmt":"2026-02-09T13:53:00","slug":"gabriela","status":"publish","type":"page","link":"https:\/\/cecileroumiguiere.com\/wp\/?page_id=8184","title":{"rendered":"Gabriela"},"content":{"rendered":"\n<p class=\"has-text-align-right\">Un roman de la collection \u201cPetites poches\u201d<br>Thierry Magnier, 11 f\u00e9vrier 2026<\/p>\n\n\n\n<blockquote class=\"wp-block-quote is-layout-flow wp-block-quote-is-layout-flow\">\n<p>Les feuilles de papier craquent quand elle ouvre son cahier. On est bient\u00f4t au printemps et Gabriela ne l\u2019a pas touch\u00e9 depuis l\u2019\u00e9t\u00e9 dernier. Il est plein de fleurs, d\u2019herbes et de feuilles ramass\u00e9es dans le village, dans les pr\u00e9s et les for\u00eats. Bien aplaties par un vieux fer \u00e0 repasser dont plus personne ne se sert, les plantes ont s\u00e9ch\u00e9. Gabriela admire la premi\u00e8re fleur, un coquelicot aux p\u00e9tales si fins\u2026 Ils sont devenus presque bleus. Elle regarde sa poup\u00e9e, pos\u00e9e sur la table, et la chienne Belle, assise \u00e0 ses pieds et explique\u00a0:<br>\u2014\u00a0Maman sera contente ! Dans son usine, les fleurs ne poussent pas, les coquelicots doivent lui manquer l\u00e0-bas\u2026 Oui, l\u2019herbier est parfait. Et maman a promis de venir pour mon anniversaire !<\/p>\n<\/blockquote>\n\n\n\n<h2 class=\"wp-block-heading\">Les mains dans l&rsquo;argile<\/h2>\n\n\n\n<p>L&rsquo;histoire de Gabriela a germ\u00e9 \u00e0 l&rsquo;automne 2020 pendant une r\u00e9sidence \u201cLes Passerelles\u201d avec l&rsquo;association Caranusca. Ce devait \u00eatre une r\u00e9sidence au fil de l&rsquo;eau, en p\u00e9niche avec G\u00e9raldine Alibeu et notre ours Jean-Kevin, le Covid en a d\u00e9cid\u00e9 autrement\u00a0: on a embarqu\u00e9 \u00e0 Sarreguemines dans le moulin de la Blies et son ancienne fa\u00efencerie. Les mains dans l&rsquo;argile, a tenter maladroitement de faire na\u00eetre des formes, j&rsquo;ai beaucoup pens\u00e9 aux ouvri\u00e8res et aux ouvriers qui ont v\u00e9cu l\u00e0, pr\u00e8s de cette rivi\u00e8re qui charriait les mat\u00e9riaux et faisait tourner les machines de la manufacture. Dans le mus\u00e9e attenant aux ateliers, j&rsquo;ai laiss\u00e9 mon esprit r\u00eaver sur les photos, les tours, les assiettes\u2026 Des voix de femmes, le bruit sourd des machines, celui des assiettes entrechoqu\u00e9es, les ordres lanc\u00e9s \u00e0 la vol\u00e9e, les odeurs de kaolin et de sueur m\u00eal\u00e9es. Des mains agripp\u00e9es \u00e0 un pinceau, un trait bleu sur l&rsquo;argile, des p\u00e9tales\u2026 Angela prenait vie. Avec elle sa m\u00e8re Ada, et Gabriela, l&rsquo;enfant des fleurs. <\/p>\n\n\n\n<figure class=\"wp-block-gallery has-nested-images columns-default is-cropped wp-block-gallery-1 is-layout-flex wp-block-gallery-is-layout-flex\">\n<figure class=\"wp-block-image size-large\"><img loading=\"lazy\" decoding=\"async\" width=\"700\" height=\"525\" data-id=\"8197\" src=\"https:\/\/cecileroumiguiere.com\/wp\/wp-content\/uploads\/2026\/02\/faiences-700x525.jpg\" alt=\"\" class=\"wp-image-8197\" srcset=\"https:\/\/cecileroumiguiere.com\/wp\/wp-content\/uploads\/2026\/02\/faiences-700x525.jpg 700w, https:\/\/cecileroumiguiere.com\/wp\/wp-content\/uploads\/2026\/02\/faiences-300x225.jpg 300w, https:\/\/cecileroumiguiere.com\/wp\/wp-content\/uploads\/2026\/02\/faiences-768x576.jpg 768w, https:\/\/cecileroumiguiere.com\/wp\/wp-content\/uploads\/2026\/02\/faiences-1536x1152.jpg 1536w, https:\/\/cecileroumiguiere.com\/wp\/wp-content\/uploads\/2026\/02\/faiences-2048x1536.jpg 2048w, https:\/\/cecileroumiguiere.com\/wp\/wp-content\/uploads\/2026\/02\/faiences-1140x855.jpg 1140w\" sizes=\"auto, (max-width: 700px) 100vw, 700px\" \/><\/figure>\n\n\n\n<figure class=\"wp-block-image size-large\"><img loading=\"lazy\" decoding=\"async\" width=\"700\" height=\"525\" data-id=\"8195\" src=\"https:\/\/cecileroumiguiere.com\/wp\/wp-content\/uploads\/2026\/02\/IMG_6131-700x525.jpeg\" alt=\"\" class=\"wp-image-8195\" srcset=\"https:\/\/cecileroumiguiere.com\/wp\/wp-content\/uploads\/2026\/02\/IMG_6131-700x525.jpeg 700w, https:\/\/cecileroumiguiere.com\/wp\/wp-content\/uploads\/2026\/02\/IMG_6131-300x225.jpeg 300w, https:\/\/cecileroumiguiere.com\/wp\/wp-content\/uploads\/2026\/02\/IMG_6131-768x576.jpeg 768w, https:\/\/cecileroumiguiere.com\/wp\/wp-content\/uploads\/2026\/02\/IMG_6131-1536x1152.jpeg 1536w, https:\/\/cecileroumiguiere.com\/wp\/wp-content\/uploads\/2026\/02\/IMG_6131-2048x1536.jpeg 2048w, https:\/\/cecileroumiguiere.com\/wp\/wp-content\/uploads\/2026\/02\/IMG_6131-1140x855.jpeg 1140w\" sizes=\"auto, (max-width: 700px) 100vw, 700px\" \/><\/figure>\n\n\n\n<figure class=\"wp-block-image size-large\"><img loading=\"lazy\" decoding=\"async\" width=\"700\" height=\"525\" data-id=\"8196\" src=\"https:\/\/cecileroumiguiere.com\/wp\/wp-content\/uploads\/2026\/02\/IMG_6138-700x525.jpeg\" alt=\"\" class=\"wp-image-8196\" srcset=\"https:\/\/cecileroumiguiere.com\/wp\/wp-content\/uploads\/2026\/02\/IMG_6138-700x525.jpeg 700w, https:\/\/cecileroumiguiere.com\/wp\/wp-content\/uploads\/2026\/02\/IMG_6138-300x225.jpeg 300w, https:\/\/cecileroumiguiere.com\/wp\/wp-content\/uploads\/2026\/02\/IMG_6138-768x576.jpeg 768w, https:\/\/cecileroumiguiere.com\/wp\/wp-content\/uploads\/2026\/02\/IMG_6138-1536x1152.jpeg 1536w, https:\/\/cecileroumiguiere.com\/wp\/wp-content\/uploads\/2026\/02\/IMG_6138-2048x1536.jpeg 2048w, https:\/\/cecileroumiguiere.com\/wp\/wp-content\/uploads\/2026\/02\/IMG_6138-1140x855.jpeg 1140w\" sizes=\"auto, (max-width: 700px) 100vw, 700px\" \/><\/figure>\n\n\n\n<figure class=\"wp-block-image size-large\"><img loading=\"lazy\" decoding=\"async\" width=\"700\" height=\"525\" data-id=\"8193\" src=\"https:\/\/cecileroumiguiere.com\/wp\/wp-content\/uploads\/2026\/02\/IMG_6175-700x525.jpeg\" alt=\"\" class=\"wp-image-8193\" srcset=\"https:\/\/cecileroumiguiere.com\/wp\/wp-content\/uploads\/2026\/02\/IMG_6175-700x525.jpeg 700w, https:\/\/cecileroumiguiere.com\/wp\/wp-content\/uploads\/2026\/02\/IMG_6175-300x225.jpeg 300w, https:\/\/cecileroumiguiere.com\/wp\/wp-content\/uploads\/2026\/02\/IMG_6175-768x576.jpeg 768w, https:\/\/cecileroumiguiere.com\/wp\/wp-content\/uploads\/2026\/02\/IMG_6175-1536x1152.jpeg 1536w, https:\/\/cecileroumiguiere.com\/wp\/wp-content\/uploads\/2026\/02\/IMG_6175-2048x1536.jpeg 2048w, https:\/\/cecileroumiguiere.com\/wp\/wp-content\/uploads\/2026\/02\/IMG_6175-1140x855.jpeg 1140w\" sizes=\"auto, (max-width: 700px) 100vw, 700px\" \/><\/figure>\n\n\n\n<figure class=\"wp-block-image size-large\"><img loading=\"lazy\" decoding=\"async\" width=\"700\" height=\"525\" data-id=\"8194\" src=\"https:\/\/cecileroumiguiere.com\/wp\/wp-content\/uploads\/2026\/02\/IMG_6176-700x525.jpeg\" alt=\"\" class=\"wp-image-8194\" srcset=\"https:\/\/cecileroumiguiere.com\/wp\/wp-content\/uploads\/2026\/02\/IMG_6176-700x525.jpeg 700w, https:\/\/cecileroumiguiere.com\/wp\/wp-content\/uploads\/2026\/02\/IMG_6176-300x225.jpeg 300w, https:\/\/cecileroumiguiere.com\/wp\/wp-content\/uploads\/2026\/02\/IMG_6176-768x576.jpeg 768w, https:\/\/cecileroumiguiere.com\/wp\/wp-content\/uploads\/2026\/02\/IMG_6176-1536x1152.jpeg 1536w, https:\/\/cecileroumiguiere.com\/wp\/wp-content\/uploads\/2026\/02\/IMG_6176-2048x1536.jpeg 2048w, https:\/\/cecileroumiguiere.com\/wp\/wp-content\/uploads\/2026\/02\/IMG_6176-1140x855.jpeg 1140w\" sizes=\"auto, (max-width: 700px) 100vw, 700px\" \/><\/figure>\n\n\n\n<figure class=\"wp-block-image size-large\"><img loading=\"lazy\" decoding=\"async\" width=\"700\" height=\"439\" data-id=\"8192\" src=\"https:\/\/cecileroumiguiere.com\/wp\/wp-content\/uploads\/2026\/02\/IMG_6180-700x439.jpeg\" alt=\"\" class=\"wp-image-8192\" srcset=\"https:\/\/cecileroumiguiere.com\/wp\/wp-content\/uploads\/2026\/02\/IMG_6180-700x439.jpeg 700w, https:\/\/cecileroumiguiere.com\/wp\/wp-content\/uploads\/2026\/02\/IMG_6180-300x188.jpeg 300w, https:\/\/cecileroumiguiere.com\/wp\/wp-content\/uploads\/2026\/02\/IMG_6180-768x482.jpeg 768w, https:\/\/cecileroumiguiere.com\/wp\/wp-content\/uploads\/2026\/02\/IMG_6180-1536x963.jpeg 1536w, https:\/\/cecileroumiguiere.com\/wp\/wp-content\/uploads\/2026\/02\/IMG_6180-2048x1284.jpeg 2048w, https:\/\/cecileroumiguiere.com\/wp\/wp-content\/uploads\/2026\/02\/IMG_6180-720x450.jpeg 720w, https:\/\/cecileroumiguiere.com\/wp\/wp-content\/uploads\/2026\/02\/IMG_6180-1140x715.jpeg 1140w\" sizes=\"auto, (max-width: 700px) 100vw, 700px\" \/><\/figure>\n<\/figure>\n\n\n\n<h2 class=\"wp-block-heading\">Une \u201cPetite poche\u201d<\/h2>\n\n\n\n<div class=\"wp-block-media-text is-stacked-on-mobile\" style=\"grid-template-columns:22% auto\"><figure class=\"wp-block-media-text__media\"><img loading=\"lazy\" decoding=\"async\" width=\"700\" height=\"700\" src=\"https:\/\/cecileroumiguiere.com\/wp\/wp-content\/uploads\/2026\/02\/hortensias-1-700x700.jpg\" alt=\"\" class=\"wp-image-8200 size-full\" srcset=\"https:\/\/cecileroumiguiere.com\/wp\/wp-content\/uploads\/2026\/02\/hortensias-1-700x700.jpg 700w, https:\/\/cecileroumiguiere.com\/wp\/wp-content\/uploads\/2026\/02\/hortensias-1-300x300.jpg 300w, https:\/\/cecileroumiguiere.com\/wp\/wp-content\/uploads\/2026\/02\/hortensias-1-150x150.jpg 150w, https:\/\/cecileroumiguiere.com\/wp\/wp-content\/uploads\/2026\/02\/hortensias-1-768x768.jpg 768w, https:\/\/cecileroumiguiere.com\/wp\/wp-content\/uploads\/2026\/02\/hortensias-1-1536x1536.jpg 1536w, https:\/\/cecileroumiguiere.com\/wp\/wp-content\/uploads\/2026\/02\/hortensias-1-2048x2048.jpg 2048w, https:\/\/cecileroumiguiere.com\/wp\/wp-content\/uploads\/2026\/02\/hortensias-1-1140x1140.jpg 1140w, https:\/\/cecileroumiguiere.com\/wp\/wp-content\/uploads\/2026\/02\/hortensias-1-75x75.jpg 75w\" sizes=\"auto, (max-width: 700px) 100vw, 700px\" \/><\/figure><div class=\"wp-block-media-text__content\">\n<p>Au d\u00e9part, j&rsquo;ai pens\u00e9 cette histoire en \u00e9cho \u00e0 des images, celles de d\u00e9cors v\u00e9g\u00e9taux sur les assiettes, les plats, celles aussi du jardin plant\u00e9 au c\u0153ur de l&rsquo;ancienne manufacture, et des photos de ces ouvri\u00e8res derri\u00e8re leur tournette. J&rsquo;ai imagin\u00e9 des illustrations, une illustratrice. <\/p>\n<\/div><\/div>\n\n\n\n<p>Quand Charline Vanderpoorte a \u00e9voqu\u00e9 l&rsquo;id\u00e9e de publier ce texte en \u201cPetite Poche\u201d, j&rsquo;ai tangu\u00e9. Un roman dans une collection que j&rsquo;aime \u00e9norm\u00e9ment\u2026 Des livres qui ouvrent la litt\u00e9rature \u00e0 tous ceux, toutes celles qui en sont \u00e9loign\u00e9es, une collection indispensable. C&rsquo;est avec une grande fiert\u00e9 que je peux d\u00e9sormais dire \u00ab\u00a0j&rsquo;ai une Petite poche\u00a0\u00bb. <\/p>\n\n\n\n<h2 class=\"wp-block-heading\">Un, deux, trois\u2026 fleurs, filles &amp; femmes<\/h2>\n\n\n\n<p>L&rsquo;ouvri\u00e8re, c&rsquo;est Angela. Elle travaille \u00e0 l&rsquo;usine de fa\u00efences en ville. <br>La grand-m\u00e8re, c&rsquo;est Ada. Elle \u00e9l\u00e8ve sa petite-fille dans un village de montagne o\u00f9 elle s&rsquo;est install\u00e9e avec son mari des ann\u00e9es auparavant. Ada vient de loin, d&rsquo;un pays qui sent le citron chauff\u00e9 par le soleil. Son mari mort, elle est rest\u00e9 seule avec sa fille, et maintenant sa petite-fille.<\/p>\n\n\n\n<div class=\"wp-block-media-text has-media-on-the-right is-stacked-on-mobile\" style=\"grid-template-columns:auto 27%\"><div class=\"wp-block-media-text__content\">\n<p>L&rsquo;enfant, c&rsquo;est elle, Gabriela. Elle fabrique le plus beau des herbiers pour sa m\u00e8re, qui viendra la voir pour son anniversaire. Mais quand le facteur apporte son cadeau, elle comprend que sa m\u00e8re ne sera pas l\u00e0 le jour de ses dix ans, et ce n&rsquo;est pas Rosa, sa poup\u00e9e, qui pourra la consoler\u2026<\/p>\n<\/div><figure class=\"wp-block-media-text__media\"><img loading=\"lazy\" decoding=\"async\" width=\"700\" height=\"933\" src=\"https:\/\/cecileroumiguiere.com\/wp\/wp-content\/uploads\/2026\/02\/poupee-02-700x933.jpg\" alt=\"\" class=\"wp-image-8199 size-full\" srcset=\"https:\/\/cecileroumiguiere.com\/wp\/wp-content\/uploads\/2026\/02\/poupee-02-700x933.jpg 700w, https:\/\/cecileroumiguiere.com\/wp\/wp-content\/uploads\/2026\/02\/poupee-02-225x300.jpg 225w, https:\/\/cecileroumiguiere.com\/wp\/wp-content\/uploads\/2026\/02\/poupee-02-768x1024.jpg 768w, https:\/\/cecileroumiguiere.com\/wp\/wp-content\/uploads\/2026\/02\/poupee-02-1152x1536.jpg 1152w, https:\/\/cecileroumiguiere.com\/wp\/wp-content\/uploads\/2026\/02\/poupee-02-1536x2048.jpg 1536w, https:\/\/cecileroumiguiere.com\/wp\/wp-content\/uploads\/2026\/02\/poupee-02-1140x1520.jpg 1140w, https:\/\/cecileroumiguiere.com\/wp\/wp-content\/uploads\/2026\/02\/poupee-02-scaled.jpg 1920w\" sizes=\"auto, (max-width: 700px) 100vw, 700px\" \/><\/figure><\/div>\n\n\n\n<p><\/p>\n","protected":false},"excerpt":{"rendered":"<p>Un roman de la collection \u201cPetites poches\u201dThierry Magnier, 11 f\u00e9vrier 2026 Les feuilles de papier craquent quand elle ouvre son cahier. On est bient\u00f4t au printemps et Gabriela ne l\u2019a pas touch\u00e9 depuis l\u2019\u00e9t\u00e9 dernier. Il est plein de fleurs, d\u2019herbes et de feuilles ramass\u00e9es dans le village, dans les pr\u00e9s et les for\u00eats. Bien aplaties par un vieux fer \u00e0 repasser dont plus personne ne se sert, les plantes ont s\u00e9ch\u00e9. Gabriela admire la premi\u00e8re fleur, un coquelicot aux p\u00e9tales si fins\u2026 Ils sont devenus presque bleus. Elle regarde sa poup\u00e9e, pos\u00e9e sur la table, et la chienne Belle, assise \u00e0 ses pieds et explique\u00a0:\u2014\u00a0Maman sera contente ! Dans son usine, les fleurs ne poussent pas, les coquelicots doivent lui manquer l\u00e0-bas\u2026 Oui, l\u2019herbier est parfait. Et maman a promis de venir pour mon anniversaire ! Les mains dans l&rsquo;argile L&rsquo;histoire de Gabriela a germ\u00e9 \u00e0 l&rsquo;automne 2020 pendant une r\u00e9sidence \u201cLes Passerelles\u201d avec l&rsquo;association Caranusca. Ce devait \u00eatre une r\u00e9sidence au fil de l&rsquo;eau, en p\u00e9niche avec G\u00e9raldine Alibeu et notre ours Jean-Kevin, le Covid en a d\u00e9cid\u00e9 autrement\u00a0: on a embarqu\u00e9 \u00e0 Sarreguemines dans le moulin de la Blies et son ancienne fa\u00efencerie. Les mains dans l&rsquo;argile, a tenter maladroitement de faire na\u00eetre des formes, j&rsquo;ai beaucoup pens\u00e9 aux ouvri\u00e8res et aux ouvriers qui ont v\u00e9cu l\u00e0, pr\u00e8s de cette rivi\u00e8re qui charriait les mat\u00e9riaux et faisait tourner les machines de la manufacture. Dans le mus\u00e9e attenant aux ateliers, j&rsquo;ai laiss\u00e9 mon esprit r\u00eaver sur les photos, les tours, les assiettes\u2026 Des voix de femmes, le bruit sourd des machines, celui des assiettes entrechoqu\u00e9es, les ordres lanc\u00e9s \u00e0 la vol\u00e9e, les odeurs de kaolin et de sueur m\u00eal\u00e9es. Des mains agripp\u00e9es \u00e0 un pinceau, un trait bleu sur l&rsquo;argile, des p\u00e9tales\u2026 Angela prenait vie. Avec elle sa m\u00e8re Ada, et Gabriela, l&rsquo;enfant des fleurs. Une \u201cPetite poche\u201d Au d\u00e9part, j&rsquo;ai pens\u00e9 cette histoire en \u00e9cho \u00e0 des images, celles de d\u00e9cors v\u00e9g\u00e9taux sur les assiettes, les plats, celles aussi du jardin plant\u00e9 au c\u0153ur de l&rsquo;ancienne manufacture, et des photos de ces ouvri\u00e8res derri\u00e8re leur tournette. J&rsquo;ai imagin\u00e9 des illustrations, une illustratrice. Quand Charline Vanderpoorte a \u00e9voqu\u00e9 l&rsquo;id\u00e9e de publier ce texte en \u201cPetite Poche\u201d, j&rsquo;ai tangu\u00e9. Un roman dans une collection que j&rsquo;aime \u00e9norm\u00e9ment\u2026 Des livres qui ouvrent la litt\u00e9rature \u00e0 tous ceux, toutes celles qui en sont \u00e9loign\u00e9es, une collection indispensable. C&rsquo;est avec une grande fiert\u00e9 que je peux d\u00e9sormais dire \u00ab\u00a0j&rsquo;ai une Petite poche\u00a0\u00bb. Un, deux, trois\u2026 fleurs, filles &amp; femmes L&rsquo;ouvri\u00e8re, c&rsquo;est Angela. Elle travaille \u00e0 l&rsquo;usine de fa\u00efences en ville. La grand-m\u00e8re, c&rsquo;est Ada. Elle \u00e9l\u00e8ve sa petite-fille dans un village de montagne o\u00f9 elle s&rsquo;est install\u00e9e avec son mari des ann\u00e9es auparavant. Ada vient de loin, d&rsquo;un pays qui sent le citron chauff\u00e9 par le soleil. Son mari mort, elle est rest\u00e9 seule avec sa fille, et maintenant sa petite-fille. L&rsquo;enfant, c&rsquo;est elle, Gabriela. Elle fabrique le plus beau des herbiers pour sa m\u00e8re, qui viendra la voir pour son anniversaire. Mais quand le facteur apporte son cadeau, elle comprend que sa m\u00e8re ne sera pas l\u00e0 le jour de ses dix ans, et ce n&rsquo;est pas Rosa, sa poup\u00e9e, qui pourra la consoler\u2026<\/p>\n","protected":false},"author":1,"featured_media":8185,"parent":0,"menu_order":0,"comment_status":"open","ping_status":"closed","template":"","meta":{"footnotes":""},"class_list":["post-8184","page","type-page","status-publish","has-post-thumbnail","hentry"],"_links":{"self":[{"href":"https:\/\/cecileroumiguiere.com\/wp\/index.php?rest_route=\/wp\/v2\/pages\/8184","targetHints":{"allow":["GET"]}}],"collection":[{"href":"https:\/\/cecileroumiguiere.com\/wp\/index.php?rest_route=\/wp\/v2\/pages"}],"about":[{"href":"https:\/\/cecileroumiguiere.com\/wp\/index.php?rest_route=\/wp\/v2\/types\/page"}],"author":[{"embeddable":true,"href":"https:\/\/cecileroumiguiere.com\/wp\/index.php?rest_route=\/wp\/v2\/users\/1"}],"replies":[{"embeddable":true,"href":"https:\/\/cecileroumiguiere.com\/wp\/index.php?rest_route=%2Fwp%2Fv2%2Fcomments&post=8184"}],"version-history":[{"count":11,"href":"https:\/\/cecileroumiguiere.com\/wp\/index.php?rest_route=\/wp\/v2\/pages\/8184\/revisions"}],"predecessor-version":[{"id":8209,"href":"https:\/\/cecileroumiguiere.com\/wp\/index.php?rest_route=\/wp\/v2\/pages\/8184\/revisions\/8209"}],"wp:featuredmedia":[{"embeddable":true,"href":"https:\/\/cecileroumiguiere.com\/wp\/index.php?rest_route=\/wp\/v2\/media\/8185"}],"wp:attachment":[{"href":"https:\/\/cecileroumiguiere.com\/wp\/index.php?rest_route=%2Fwp%2Fv2%2Fmedia&parent=8184"}],"curies":[{"name":"wp","href":"https:\/\/api.w.org\/{rel}","templated":true}]}}