{"id":89,"date":"2013-10-31T18:14:31","date_gmt":"2013-10-31T17:14:31","guid":{"rendered":"http:\/\/cecileroumiguiere.com\/wp\/?page_id=89"},"modified":"2024-07-24T14:32:01","modified_gmt":"2024-07-24T13:32:01","slug":"la-belle-et-la-bete","status":"publish","type":"page","link":"https:\/\/cecileroumiguiere.com\/wp\/?page_id=89","title":{"rendered":"La Belle et la B\u00eate"},"content":{"rendered":"<h3 style=\"text-align: right;\">Un album avec <a href=\"http:\/\/www.aureliafronty.com\">Aur\u00e9lia Fronty<\/a><br \/>\nBelin\u00a0\u00b7\u00a0novembre 2013<\/h3>\n<blockquote><p>Il \u00e9tait une fois, en un pays fort beau, un marchand de soies, de taffetas et de rubans perl\u00e9s. De Venise jusqu\u2019en Chine, ses cargaisons parcouraient les oc\u00e9ans sur de puissants navires. Sans \u00eatre immens\u00e9ment riche, notre marchand vivait bien, \u00e0 l\u2019aise et heureux, dans sa maison de campagne. L\u00e0, parmi les chants d\u2019oiseaux, au c\u0153ur de la verdure et des fleurs exquises, il partageait ses jours entre la gestion de ses affaires et le soin qu\u2019il portait \u00e0 ses trois filles.<\/p><\/blockquote>\n<p><em>Une Belle curieuse, une B\u00eate prisonni\u00e8re de son pass\u00e9. Un p\u00e8re ruin\u00e9, des s\u0153urs jalouses, une rose. Et l&rsquo;\u00e9closion de l&rsquo;amour.<\/em><br \/>\nMon enfance a \u00e9t\u00e9 berc\u00e9e de ce conte dans la version de Cocteau, en noir et blanc nimb\u00e9 des lumi\u00e8res d&rsquo;Henri Alekan.<br \/>\nJe voulais rendre hommage \u00e0 ce film. Voil\u00e0 qui est fait, en toute libert\u00e9 (merci \u00e0 Nathalie Maitenaz et aux \u00e9ditions Belin !), en grand format, avec la beaut\u00e9 et l&rsquo;\u00e9l\u00e9gance des images d&rsquo;<a href=\"http:\/\/mad.ly\/redirects\/1383306782-bccb52e1a5811cec62f97d16ed1331a8-778c407?pa=579379850922365091\" target=\"_blank\" rel=\"noopener noreferrer\">Aur\u00e9lia Fronty<\/a>.<br \/>\nJe ne po<span style=\"line-height: 1.5;\">uvais r\u00eaver plus belle\u2026 B\u00eate.<\/span><\/p>\n<p>D&rsquo;Apul\u00e9e aux\u00a0<em>Contes des nuits fac\u00e9tieuses<\/em>\u00a0de la Renaissance par l&rsquo;Italien Straparola, en passant par des contes r\u00e9gionaux, de l&rsquo;Ari\u00e8ge \u00e0 la Lorraine, l&rsquo;histoire des amours d&rsquo;une belle et d&rsquo;une b\u00eate a travers\u00e9 les si\u00e8cles. La B\u00eate a tour \u00e0 tour pris le visage d&rsquo;un porc, du diable, d&rsquo;un corbeau, d&rsquo;un poulain ou d&rsquo;un loup blanc, mais au final toujours la Belle d\u00e9couvre l&rsquo;amour.<\/p>\n<p>Je suis tr\u00e8s fi\u00e8re de m&rsquo;inscrire dans cette n\u00e9cessaire lign\u00e9e des conteurs. La premi\u00e8re version \u201cmoderne\u201d du conte appara\u00eet \u00e0 l&rsquo;\u00e9poque des Lumi\u00e8res dans un recueil de M<sup>me<\/sup>\u00a0de Villeneuve. Je suis partie de cette version m\u00eal\u00e9e des ambiances v\u00e9nitiennes de Straparola pour \u00e9crire. Tr\u00e8s vite, Aur\u00e9lia s&rsquo;est empar\u00e9 de mon texte pour en donner sa vision.<br \/>\n\u00c0 vous maintenant, lecteurs, de vous laisser envahir par cette histoire\u2026<\/p>\n<h1><span style=\"line-height: 1.3;\">Rendez-vous \u00e0 Venise<\/span><\/h1>\n<p style=\"text-align: center;\"><iframe loading=\"lazy\" style=\"line-height: 1.3;\" src=\"\/\/www.youtube.com\/embed\/7iq_06TYQgw?rel=0\" width=\"640\" height=\"480\" frameborder=\"0\" allowfullscreen=\"allowfullscreen\"><\/iframe><\/p>\n<p style=\"text-align: center;\"><em>\u00a0\u00a9Illustrations Aur\u00e9lia Fronty<\/em><\/p>\n<h1>Dans la presse<\/h1>\n<p><a href=\"https:\/\/cecileroumiguiere.com\/wp\/?page_id=1069\">Des articles lus ici ou l\u00e0\u2026<\/a><\/p>\n","protected":false},"excerpt":{"rendered":"<p>Un album avec Aur\u00e9lia Fronty Belin\u00a0\u00b7\u00a0novembre 2013 Il \u00e9tait une fois, en un pays fort beau, un marchand de soies, de taffetas et de rubans perl\u00e9s. De Venise jusqu\u2019en Chine, ses cargaisons parcouraient les oc\u00e9ans sur de puissants navires. Sans \u00eatre immens\u00e9ment riche, notre marchand vivait bien, \u00e0 l\u2019aise et heureux, dans sa maison de campagne. L\u00e0, parmi les chants d\u2019oiseaux, au c\u0153ur de la verdure et des fleurs exquises, il partageait ses jours entre la gestion de ses affaires et le soin qu\u2019il portait \u00e0 ses trois filles. Une Belle curieuse, une B\u00eate prisonni\u00e8re de son pass\u00e9. Un p\u00e8re ruin\u00e9, des s\u0153urs jalouses, une rose. Et l&rsquo;\u00e9closion de l&rsquo;amour. Mon enfance a \u00e9t\u00e9 berc\u00e9e de ce conte dans la version de Cocteau, en noir et blanc nimb\u00e9 des lumi\u00e8res d&rsquo;Henri Alekan. Je voulais rendre hommage \u00e0 ce film. Voil\u00e0 qui est fait, en toute libert\u00e9 (merci \u00e0 Nathalie Maitenaz et aux \u00e9ditions Belin !), en grand format, avec la beaut\u00e9 et l&rsquo;\u00e9l\u00e9gance des images d&rsquo;Aur\u00e9lia Fronty. Je ne pouvais r\u00eaver plus belle\u2026 B\u00eate. D&rsquo;Apul\u00e9e aux\u00a0Contes des nuits fac\u00e9tieuses\u00a0de la Renaissance par l&rsquo;Italien Straparola, en passant par des contes r\u00e9gionaux, de l&rsquo;Ari\u00e8ge \u00e0 la Lorraine, l&rsquo;histoire des amours d&rsquo;une belle et d&rsquo;une b\u00eate a travers\u00e9 les si\u00e8cles. La B\u00eate a tour \u00e0 tour pris le visage d&rsquo;un porc, du diable, d&rsquo;un corbeau, d&rsquo;un poulain ou d&rsquo;un loup blanc, mais au final toujours la Belle d\u00e9couvre l&rsquo;amour. Je suis tr\u00e8s fi\u00e8re de m&rsquo;inscrire dans cette n\u00e9cessaire lign\u00e9e des conteurs. La premi\u00e8re version \u201cmoderne\u201d du conte appara\u00eet \u00e0 l&rsquo;\u00e9poque des Lumi\u00e8res dans un recueil de Mme\u00a0de Villeneuve. Je suis partie de cette version m\u00eal\u00e9e des ambiances v\u00e9nitiennes de Straparola pour \u00e9crire. Tr\u00e8s vite, Aur\u00e9lia s&rsquo;est empar\u00e9 de mon texte pour en donner sa vision. \u00c0 vous maintenant, lecteurs, de vous laisser envahir par cette histoire\u2026 Rendez-vous \u00e0 Venise \u00a0\u00a9Illustrations Aur\u00e9lia Fronty Dans la presse Des articles lus ici ou l\u00e0\u2026<\/p>\n","protected":false},"author":1,"featured_media":90,"parent":234,"menu_order":0,"comment_status":"closed","ping_status":"closed","template":"","meta":{"footnotes":""},"class_list":["post-89","page","type-page","status-publish","has-post-thumbnail","hentry"],"_links":{"self":[{"href":"https:\/\/cecileroumiguiere.com\/wp\/index.php?rest_route=\/wp\/v2\/pages\/89","targetHints":{"allow":["GET"]}}],"collection":[{"href":"https:\/\/cecileroumiguiere.com\/wp\/index.php?rest_route=\/wp\/v2\/pages"}],"about":[{"href":"https:\/\/cecileroumiguiere.com\/wp\/index.php?rest_route=\/wp\/v2\/types\/page"}],"author":[{"embeddable":true,"href":"https:\/\/cecileroumiguiere.com\/wp\/index.php?rest_route=\/wp\/v2\/users\/1"}],"replies":[{"embeddable":true,"href":"https:\/\/cecileroumiguiere.com\/wp\/index.php?rest_route=%2Fwp%2Fv2%2Fcomments&post=89"}],"version-history":[{"count":27,"href":"https:\/\/cecileroumiguiere.com\/wp\/index.php?rest_route=\/wp\/v2\/pages\/89\/revisions"}],"predecessor-version":[{"id":7846,"href":"https:\/\/cecileroumiguiere.com\/wp\/index.php?rest_route=\/wp\/v2\/pages\/89\/revisions\/7846"}],"up":[{"embeddable":true,"href":"https:\/\/cecileroumiguiere.com\/wp\/index.php?rest_route=\/wp\/v2\/pages\/234"}],"wp:featuredmedia":[{"embeddable":true,"href":"https:\/\/cecileroumiguiere.com\/wp\/index.php?rest_route=\/wp\/v2\/media\/90"}],"wp:attachment":[{"href":"https:\/\/cecileroumiguiere.com\/wp\/index.php?rest_route=%2Fwp%2Fv2%2Fmedia&parent=89"}],"curies":[{"name":"wp","href":"https:\/\/api.w.org\/{rel}","templated":true}]}}